{"id":1073,"date":"2022-09-04T14:43:01","date_gmt":"2022-09-04T12:43:01","guid":{"rendered":"https:\/\/hckadan.cz\/?page_id=1073"},"modified":"2022-09-04T15:19:09","modified_gmt":"2022-09-04T13:19:09","slug":"skoleni-a-seminare","status":"publish","type":"page","link":"https:\/\/hckadan.cz\/index.php\/klub\/skoleni-a-seminare\/","title":{"rendered":"\u0160kolen\u00ed a semin\u00e1\u0159e"},"content":{"rendered":"\n<p><a href=\"https:\/\/hckadan.cz\/index.php\/klub\/skoleni-a-seminare\/kr-skoleni-treneru-hracu-a-rozhodcich\/\" data-type=\"page\" data-id=\"1080\">04.09.2022  \u0160kolen\u00ed KS pro tren\u00e9ry, hr\u00e1\u010de a rozhod\u010d\u00ed<\/a><\/p>\n\n\n\n<p><\/p>\n\n\n\n<p><\/p>\n\n\n\n<figure class=\"wp-block-image size-large\"><img loading=\"lazy\" decoding=\"async\" width=\"1000\" height=\"800\" src=\"https:\/\/hckadan.cz\/wp-content\/uploads\/2022\/09\/Tactable-S-Hockey-gekippt.jpg\" alt=\"\" class=\"wp-image-1093\" srcset=\"https:\/\/hckadan.cz\/wp-content\/uploads\/2022\/09\/Tactable-S-Hockey-gekippt.jpg 1000w, https:\/\/hckadan.cz\/wp-content\/uploads\/2022\/09\/Tactable-S-Hockey-gekippt-300x240.jpg 300w, https:\/\/hckadan.cz\/wp-content\/uploads\/2022\/09\/Tactable-S-Hockey-gekippt-768x614.jpg 768w, https:\/\/hckadan.cz\/wp-content\/uploads\/2022\/09\/Tactable-S-Hockey-gekippt-128x102.jpg 128w, https:\/\/hckadan.cz\/wp-content\/uploads\/2022\/09\/Tactable-S-Hockey-gekippt-32x26.jpg 32w\" sizes=\"auto, (max-width: 1000px) 100vw, 1000px\" \/><\/figure>\n","protected":false},"excerpt":{"rendered":"<p>04.09.2022 \u0160kolen\u00ed KS pro tren\u00e9ry, hr\u00e1\u010de a rozhod\u010d\u00ed<\/p>\n","protected":false},"author":1,"featured_media":0,"parent":341,"menu_order":0,"comment_status":"closed","ping_status":"closed","template":"","meta":{"ngg_post_thumbnail":0,"footnotes":""},"class_list":["post-1073","page","type-page","status-publish","hentry"],"_links":{"self":[{"href":"https:\/\/hckadan.cz\/index.php\/wp-json\/wp\/v2\/pages\/1073","targetHints":{"allow":["GET"]}}],"collection":[{"href":"https:\/\/hckadan.cz\/index.php\/wp-json\/wp\/v2\/pages"}],"about":[{"href":"https:\/\/hckadan.cz\/index.php\/wp-json\/wp\/v2\/types\/page"}],"author":[{"embeddable":true,"href":"https:\/\/hckadan.cz\/index.php\/wp-json\/wp\/v2\/users\/1"}],"replies":[{"embeddable":true,"href":"https:\/\/hckadan.cz\/index.php\/wp-json\/wp\/v2\/comments?post=1073"}],"version-history":[{"count":6,"href":"https:\/\/hckadan.cz\/index.php\/wp-json\/wp\/v2\/pages\/1073\/revisions"}],"predecessor-version":[{"id":1094,"href":"https:\/\/hckadan.cz\/index.php\/wp-json\/wp\/v2\/pages\/1073\/revisions\/1094"}],"up":[{"embeddable":true,"href":"https:\/\/hckadan.cz\/index.php\/wp-json\/wp\/v2\/pages\/341"}],"wp:attachment":[{"href":"https:\/\/hckadan.cz\/index.php\/wp-json\/wp\/v2\/media?parent=1073"}],"curies":[{"name":"wp","href":"https:\/\/api.w.org\/{rel}","templated":true}]}}