{"id":1192,"date":"2022-10-22T21:23:06","date_gmt":"2022-10-22T19:23:06","guid":{"rendered":"https:\/\/hckadan.cz\/?page_id=1192"},"modified":"2025-10-05T20:02:44","modified_gmt":"2025-10-05T18:02:44","slug":"dorostenci","status":"publish","type":"page","link":"https:\/\/hckadan.cz\/index.php\/https-hckadan-cz-index-php-tymy-muzi\/dorostenci\/","title":{"rendered":"Dorostenci"},"content":{"rendered":"\n<h2 class=\"wp-block-heading\">Tren\u00e9\u0159i<\/h2>\n\n\n\n<div class=\"wp-block-columns is-layout-flex wp-container-core-columns-is-layout-9d6595d7 wp-block-columns-is-layout-flex\">\n<div class=\"wp-block-column is-layout-flow wp-block-column-is-layout-flow\" style=\"flex-basis:100%\">\n<figure class=\"wp-block-table\"><table><tbody><tr><td><strong>Jm\u00e9no<\/strong><\/td><td><strong>Funkce<\/strong><\/td><td><strong>Mail<\/strong><\/td><\/tr><tr><td>Ond\u0159ej Linhart<\/td><td>tren\u00e9r<\/td><td>linkart.o@seznam.cz<\/td><\/tr><tr><td>Petr Posp\u00ed\u0161il<\/td><td>tren\u00e9r<\/td><td>pospisilpetr696@gmail.com<\/td><\/tr><\/tbody><\/table><\/figure>\n\n\n\n<h2 class=\"wp-block-heading\">Hr\u00e1\u010di<\/h2>\n\n\n\n<h3 class=\"wp-block-heading\">Brank\u00e1\u0159i<\/h3>\n\n\n\n<figure class=\"wp-block-table\"><table><tbody><tr><td>44<\/td><td>Jan Holec<\/td><\/tr><tr><td>88<\/td><td>Martin Grund<\/td><\/tr><\/tbody><\/table><\/figure>\n\n\n\n<h3 class=\"wp-block-heading\">Obr\u00e1nci<\/h3>\n\n\n\n<figure class=\"wp-block-table\"><table><tbody><tr><td>8<\/td><td>Radek Kili\u00e1n<\/td><\/tr><tr><td>12<\/td><td>Radek Hu\u0148a<\/td><\/tr><tr><td>17<\/td><td>Maty\u00e1\u0161 Kotlan<\/td><\/tr><tr><td>25<\/td><td>Marek Sobotka<\/td><\/tr><\/tbody><\/table><\/figure>\n\n\n\n<h3 class=\"wp-block-heading\">Z\u00e1lo\u017en\u00edci<\/h3>\n\n\n\n<figure class=\"wp-block-table\"><table><tbody><tr><td>4<\/td><td>Nikolas \u0160up\u00edk<\/td><\/tr><tr><td>5<\/td><td>V\u00edt Lon\u010d\u00edk<\/td><\/tr><tr><td>7<\/td><td>Jakub Skala<\/td><\/tr><tr><td>11<\/td><td>Ji\u0159\u00ed N\u011bmec<\/td><\/tr><tr><td>12<\/td><td>Martin Seidl<\/td><\/tr><tr><td>16<\/td><td>Dominik Bare\u0161<\/td><\/tr><tr><td>22<\/td><td>\u0160t\u011bp\u00e1n Jab\u016frek<\/td><\/tr><\/tbody><\/table><\/figure>\n\n\n\n<h3 class=\"wp-block-heading\">\u00dato\u010dn\u00edci<\/h3>\n\n\n\n<figure class=\"wp-block-table\"><table><tbody><tr><td>6<\/td><td>V\u00edt Chramosta<\/td><\/tr><tr><td>9<\/td><td>Tobias Frank<\/td><\/tr><\/tbody><\/table><\/figure>\n<\/div>\n<\/div>\n\n\n\n<p><\/p>\n\n\n\n<p><\/p>\n","protected":false},"excerpt":{"rendered":"<p>Tren\u00e9\u0159i Jm\u00e9no Funkce Mail Ond\u0159ej Linhart tren\u00e9r linkart.o@seznam.cz Petr Posp\u00ed\u0161il tren\u00e9r pospisilpetr696@gmail.com Hr\u00e1\u010di Brank\u00e1\u0159i 44 [&hellip;]<\/p>\n","protected":false},"author":1,"featured_media":0,"parent":130,"menu_order":5,"comment_status":"closed","ping_status":"closed","template":"","meta":{"ngg_post_thumbnail":0,"footnotes":""},"class_list":["post-1192","page","type-page","status-publish","hentry"],"_links":{"self":[{"href":"https:\/\/hckadan.cz\/index.php\/wp-json\/wp\/v2\/pages\/1192","targetHints":{"allow":["GET"]}}],"collection":[{"href":"https:\/\/hckadan.cz\/index.php\/wp-json\/wp\/v2\/pages"}],"about":[{"href":"https:\/\/hckadan.cz\/index.php\/wp-json\/wp\/v2\/types\/page"}],"author":[{"embeddable":true,"href":"https:\/\/hckadan.cz\/index.php\/wp-json\/wp\/v2\/users\/1"}],"replies":[{"embeddable":true,"href":"https:\/\/hckadan.cz\/index.php\/wp-json\/wp\/v2\/comments?post=1192"}],"version-history":[{"count":8,"href":"https:\/\/hckadan.cz\/index.php\/wp-json\/wp\/v2\/pages\/1192\/revisions"}],"predecessor-version":[{"id":2060,"href":"https:\/\/hckadan.cz\/index.php\/wp-json\/wp\/v2\/pages\/1192\/revisions\/2060"}],"up":[{"embeddable":true,"href":"https:\/\/hckadan.cz\/index.php\/wp-json\/wp\/v2\/pages\/130"}],"wp:attachment":[{"href":"https:\/\/hckadan.cz\/index.php\/wp-json\/wp\/v2\/media?parent=1192"}],"curies":[{"name":"wp","href":"https:\/\/api.w.org\/{rel}","templated":true}]}}