{"id":130,"date":"2020-12-19T22:39:15","date_gmt":"2020-12-19T21:39:15","guid":{"rendered":"http:\/\/hckadan.42web.io\/?page_id=130"},"modified":"2023-07-31T15:32:53","modified_gmt":"2023-07-31T13:32:53","slug":"https-hckadan-cz-index-php-tymy-muzi","status":"publish","type":"page","link":"https:\/\/hckadan.cz\/index.php\/https-hckadan-cz-index-php-tymy-muzi\/","title":{"rendered":"T\u00fdmy"},"content":{"rendered":"\n<div class=\"wp-block-columns is-layout-flex wp-container-core-columns-is-layout-9d6595d7 wp-block-columns-is-layout-flex\">\n<div class=\"wp-block-column is-layout-flow wp-block-column-is-layout-flow\">\n<div class=\"wp-block-cover has-background-dim-40 has-vivid-cyan-blue-background-color has-background-dim\" style=\"min-height:361px;aspect-ratio:unset;\"><img loading=\"lazy\" decoding=\"async\" width=\"724\" height=\"1024\" class=\"wp-block-cover__image-background wp-image-1049\" alt=\"\" src=\"https:\/\/hckadan.cz\/wp-content\/uploads\/2022\/08\/pozaaadi-24-724x1024.jpg\" data-object-fit=\"cover\" srcset=\"https:\/\/hckadan.cz\/wp-content\/uploads\/2022\/08\/pozaaadi-24-724x1024.jpg 724w, https:\/\/hckadan.cz\/wp-content\/uploads\/2022\/08\/pozaaadi-24-212x300.jpg 212w, https:\/\/hckadan.cz\/wp-content\/uploads\/2022\/08\/pozaaadi-24-768x1086.jpg 768w, https:\/\/hckadan.cz\/wp-content\/uploads\/2022\/08\/pozaaadi-24-1087x1536.jpg 1087w, https:\/\/hckadan.cz\/wp-content\/uploads\/2022\/08\/pozaaadi-24-1449x2048.jpg 1449w, https:\/\/hckadan.cz\/wp-content\/uploads\/2022\/08\/pozaaadi-24-91x128.jpg 91w, https:\/\/hckadan.cz\/wp-content\/uploads\/2022\/08\/pozaaadi-24-23x32.jpg 23w, https:\/\/hckadan.cz\/wp-content\/uploads\/2022\/08\/pozaaadi-24.jpg 1654w\" sizes=\"auto, (max-width: 724px) 100vw, 724px\" \/><div class=\"wp-block-cover__inner-container is-layout-flow wp-block-cover-is-layout-flow\">\n<p class=\"has-white-color has-text-color has-large-font-size\">            <strong><a href=\"https:\/\/hckadan.cz\/index.php\/https-hckadan-cz-index-php-tymy-muzi\/muzi\/\">MU\u017dI<\/a><\/strong><\/p>\n\n\n\n<p class=\"has-white-color has-text-color has-large-font-size\">        <strong><a href=\"https:\/\/hckadan.cz\/index.php\/https-hckadan-cz-index-php-tymy-muzi\/muzi\/\">2023\/2024<\/a><\/strong><\/p>\n<\/div><\/div>\n<\/div>\n\n\n\n<div class=\"wp-block-column is-layout-flow wp-block-column-is-layout-flow\">\n<div class=\"wp-block-cover has-background-dim\" style=\"min-height:364px;aspect-ratio:unset;\"><img loading=\"lazy\" decoding=\"async\" width=\"724\" height=\"1024\" class=\"wp-block-cover__image-background wp-image-1050\" alt=\"\" src=\"https:\/\/hckadan.cz\/wp-content\/uploads\/2022\/08\/pozaaadi-25-724x1024.jpg\" data-object-fit=\"cover\" srcset=\"https:\/\/hckadan.cz\/wp-content\/uploads\/2022\/08\/pozaaadi-25-724x1024.jpg 724w, https:\/\/hckadan.cz\/wp-content\/uploads\/2022\/08\/pozaaadi-25-212x300.jpg 212w, https:\/\/hckadan.cz\/wp-content\/uploads\/2022\/08\/pozaaadi-25-768x1086.jpg 768w, https:\/\/hckadan.cz\/wp-content\/uploads\/2022\/08\/pozaaadi-25-1087x1536.jpg 1087w, https:\/\/hckadan.cz\/wp-content\/uploads\/2022\/08\/pozaaadi-25-1449x2048.jpg 1449w, https:\/\/hckadan.cz\/wp-content\/uploads\/2022\/08\/pozaaadi-25-91x128.jpg 91w, https:\/\/hckadan.cz\/wp-content\/uploads\/2022\/08\/pozaaadi-25-23x32.jpg 23w, https:\/\/hckadan.cz\/wp-content\/uploads\/2022\/08\/pozaaadi-25.jpg 1654w\" sizes=\"auto, (max-width: 724px) 100vw, 724px\" \/><div class=\"wp-block-cover__inner-container is-layout-flow wp-block-cover-is-layout-flow\">\n<p class=\"has-white-color has-text-color has-large-font-size\">              <a href=\"https:\/\/hckadan.cz\/index.php\/https-hckadan-cz-index-php-tymy-muzi\/zeny\/\" data-type=\"URL\" data-id=\"https:\/\/hckadan.cz\/index.php\/https-hckadan-cz-index-php-tymy-muzi\/zeny\/\"><strong>\u017dENY<\/strong><\/a><\/p>\n\n\n\n<p class=\"has-white-color has-text-color has-large-font-size\">         <a href=\"https:\/\/hckadan.cz\/index.php\/https-hckadan-cz-index-php-tymy-muzi\/zeny\/\" data-type=\"URL\" data-id=\"https:\/\/hckadan.cz\/index.php\/https-hckadan-cz-index-php-tymy-muzi\/zeny\/\"><strong>2023\/2024<\/strong><\/a><\/p>\n<\/div><\/div>\n\n\n\n<div class=\"wp-block-columns is-layout-flex wp-container-core-columns-is-layout-9d6595d7 wp-block-columns-is-layout-flex\">\n<div class=\"wp-block-column is-layout-flow wp-block-column-is-layout-flow\"><\/div>\n<\/div>\n<\/div>\n<\/div>\n\n\n\n<p><\/p>\n\n\n\n<div class=\"wp-block-columns is-layout-flex wp-container-core-columns-is-layout-9d6595d7 wp-block-columns-is-layout-flex\">\n<div class=\"wp-block-column is-layout-flow wp-block-column-is-layout-flow\">\n<div class=\"wp-block-cover has-background-dim\"><img loading=\"lazy\" decoding=\"async\" width=\"724\" height=\"1024\" class=\"wp-block-cover__image-background wp-image-1053\" alt=\"\" src=\"https:\/\/hckadan.cz\/wp-content\/uploads\/2022\/08\/pozaaadi-26-724x1024.jpg\" data-object-fit=\"cover\" srcset=\"https:\/\/hckadan.cz\/wp-content\/uploads\/2022\/08\/pozaaadi-26-724x1024.jpg 724w, https:\/\/hckadan.cz\/wp-content\/uploads\/2022\/08\/pozaaadi-26-212x300.jpg 212w, https:\/\/hckadan.cz\/wp-content\/uploads\/2022\/08\/pozaaadi-26-768x1086.jpg 768w, https:\/\/hckadan.cz\/wp-content\/uploads\/2022\/08\/pozaaadi-26-1087x1536.jpg 1087w, https:\/\/hckadan.cz\/wp-content\/uploads\/2022\/08\/pozaaadi-26-1449x2048.jpg 1449w, https:\/\/hckadan.cz\/wp-content\/uploads\/2022\/08\/pozaaadi-26-91x128.jpg 91w, https:\/\/hckadan.cz\/wp-content\/uploads\/2022\/08\/pozaaadi-26-23x32.jpg 23w, https:\/\/hckadan.cz\/wp-content\/uploads\/2022\/08\/pozaaadi-26.jpg 1654w\" sizes=\"auto, (max-width: 724px) 100vw, 724px\" \/><div class=\"wp-block-cover__inner-container is-layout-flow wp-block-cover-is-layout-flow\">\n<p class=\"has-white-color has-text-color has-large-font-size\">        <strong><a href=\"https:\/\/hckadan.cz\/index.php\/https-hckadan-cz-index-php-tymy-muzi\/starsi-zaci\/\" data-type=\"URL\" data-id=\"https:\/\/hckadan.cz\/index.php\/https-hckadan-cz-index-php-tymy-muzi\/starsi-zaci\/\">STAR\u0160\u00cd \u017d\u00c1CI<\/a><\/strong><\/p>\n\n\n\n<p class=\"has-white-color has-text-color has-large-font-size\">         <strong><a href=\"https:\/\/hckadan.cz\/index.php\/https-hckadan-cz-index-php-tymy-muzi\/starsi-zaci\/\" data-type=\"URL\" data-id=\"https:\/\/hckadan.cz\/index.php\/https-hckadan-cz-index-php-tymy-muzi\/starsi-zaci\/\">2023\/2024<\/a><\/strong><\/p>\n<\/div><\/div>\n<\/div>\n\n\n\n<div class=\"wp-block-column is-layout-flow wp-block-column-is-layout-flow\">\n<div class=\"wp-block-cover has-vivid-cyan-blue-background-color has-background-dim\"><img loading=\"lazy\" decoding=\"async\" width=\"724\" height=\"1024\" class=\"wp-block-cover__image-background wp-image-1054\" alt=\"\" src=\"https:\/\/hckadan.cz\/wp-content\/uploads\/2022\/08\/pozaaadi-27-724x1024.jpg\" data-object-fit=\"cover\" srcset=\"https:\/\/hckadan.cz\/wp-content\/uploads\/2022\/08\/pozaaadi-27-724x1024.jpg 724w, https:\/\/hckadan.cz\/wp-content\/uploads\/2022\/08\/pozaaadi-27-212x300.jpg 212w, https:\/\/hckadan.cz\/wp-content\/uploads\/2022\/08\/pozaaadi-27-768x1086.jpg 768w, https:\/\/hckadan.cz\/wp-content\/uploads\/2022\/08\/pozaaadi-27-1087x1536.jpg 1087w, https:\/\/hckadan.cz\/wp-content\/uploads\/2022\/08\/pozaaadi-27-1449x2048.jpg 1449w, https:\/\/hckadan.cz\/wp-content\/uploads\/2022\/08\/pozaaadi-27-91x128.jpg 91w, https:\/\/hckadan.cz\/wp-content\/uploads\/2022\/08\/pozaaadi-27-23x32.jpg 23w, https:\/\/hckadan.cz\/wp-content\/uploads\/2022\/08\/pozaaadi-27.jpg 1654w\" sizes=\"auto, (max-width: 724px) 100vw, 724px\" \/><div class=\"wp-block-cover__inner-container is-layout-flow wp-block-cover-is-layout-flow\">\n<p class=\"has-white-color has-text-color has-large-font-size\">        <strong><a href=\"https:\/\/hckadan.cz\/index.php\/https-hckadan-cz-index-php-tymy-muzi\/mladsi-zaci\/\" data-type=\"URL\" data-id=\"https:\/\/hckadan.cz\/index.php\/https-hckadan-cz-index-php-tymy-muzi\/mladsi-zaci\/\">MLAD\u0160\u00cd \u017d\u00c1CI<\/a><\/strong><\/p>\n\n\n\n<p class=\"has-white-color has-text-color has-large-font-size\">          <strong><a href=\"https:\/\/hckadan.cz\/index.php\/https-hckadan-cz-index-php-tymy-muzi\/mladsi-zaci\/\" data-type=\"URL\" data-id=\"https:\/\/hckadan.cz\/index.php\/https-hckadan-cz-index-php-tymy-muzi\/mladsi-zaci\/\">2023\/2024<\/a><\/strong><\/p>\n<\/div><\/div>\n<\/div>\n<\/div>\n\n\n\n<p><\/p>\n\n\n\n<p><\/p>\n\n\n\n<div class=\"wp-block-cover has-background-dim has-parallax\" style=\"background-image:url(https:\/\/hckadan.cz\/wp-content\/uploads\/2022\/10\/dorost-4-1024x594.jpg);background-color:#0a0ac9;min-height:337px;aspect-ratio:unset;\"><div class=\"wp-block-cover__inner-container is-layout-flow wp-block-cover-is-layout-flow\">\n<p class=\"has-text-align-center has-white-color has-text-color has-large-font-size\">  <a href=\"https:\/\/hckadan.cz\/index.php\/https-hckadan-cz-index-php-tymy-muzi\/dorostenci\/\" data-type=\"URL\" data-id=\"https:\/\/hckadan.cz\/index.php\/https-hckadan-cz-index-php-tymy-muzi\/dorostenci\/\">DOROSTENCI<\/a><\/p>\n\n\n\n<p class=\"has-text-align-center has-white-color has-text-color has-large-font-size\">                                <a href=\"https:\/\/hckadan.cz\/index.php\/https-hckadan-cz-index-php-tymy-muzi\/dorostenci\/\" data-type=\"URL\" data-id=\"https:\/\/hckadan.cz\/index.php\/https-hckadan-cz-index-php-tymy-muzi\/dorostenci\/\"> 2023\/2024<\/a>                                                                        <\/p>\n<\/div><\/div>\n\n\n\n<p><\/p>\n\n\n\n<div class=\"wp-block-columns is-layout-flex wp-container-core-columns-is-layout-9d6595d7 wp-block-columns-is-layout-flex\">\n<div class=\"wp-block-column is-layout-flow wp-block-column-is-layout-flow\">\n<div class=\"wp-block-cover has-vivid-cyan-blue-background-color has-background-dim has-parallax\" style=\"background-image:url(https:\/\/hckadan.cz\/wp-content\/uploads\/2022\/10\/Untitled-2-1024x1024.jpg);min-height:455px;aspect-ratio:unset;\"><div class=\"wp-block-cover__inner-container is-layout-flow wp-block-cover-is-layout-flow\">\n<p class=\"has-text-align-center has-white-color has-text-color has-large-font-size\"><a href=\"https:\/\/hckadan.cz\/index.php\/https-hckadan-cz-index-php-tymy-muzi\/pripravka\/\" data-type=\"URL\" data-id=\"https:\/\/hckadan.cz\/index.php\/https-hckadan-cz-index-php-tymy-muzi\/pripravka\/\">P\u0158\u00cdPRAVKA<\/a> <\/p>\n\n\n\n<p class=\"has-text-align-center has-large-font-size\">2023\/2024 <\/p>\n\n\n\n<p class=\"has-text-align-center has-large-font-size\"><\/p>\n<\/div><\/div>\n<\/div>\n\n\n\n<div class=\"wp-block-column is-layout-flow wp-block-column-is-layout-flow\">\n<div class=\"wp-block-cover has-background-dim\" style=\"min-height:402px;aspect-ratio:unset;\"><img loading=\"lazy\" decoding=\"async\" width=\"1024\" height=\"1024\" class=\"wp-block-cover__image-background wp-image-1240\" alt=\"\" src=\"https:\/\/hckadan.cz\/wp-content\/uploads\/2022\/10\/Untitled-1-1024x1024.jpg\" data-object-fit=\"cover\" srcset=\"https:\/\/hckadan.cz\/wp-content\/uploads\/2022\/10\/Untitled-1-1024x1024.jpg 1024w, https:\/\/hckadan.cz\/wp-content\/uploads\/2022\/10\/Untitled-1-300x300.jpg 300w, https:\/\/hckadan.cz\/wp-content\/uploads\/2022\/10\/Untitled-1-150x150.jpg 150w, https:\/\/hckadan.cz\/wp-content\/uploads\/2022\/10\/Untitled-1-768x768.jpg 768w, https:\/\/hckadan.cz\/wp-content\/uploads\/2022\/10\/Untitled-1-128x128.jpg 128w, https:\/\/hckadan.cz\/wp-content\/uploads\/2022\/10\/Untitled-1-32x32.jpg 32w, https:\/\/hckadan.cz\/wp-content\/uploads\/2022\/10\/Untitled-1.jpg 1080w\" sizes=\"auto, (max-width: 1024px) 100vw, 1024px\" \/><div class=\"wp-block-cover__inner-container is-layout-flow wp-block-cover-is-layout-flow\">\n<p class=\"has-text-align-center has-white-color has-text-color has-large-font-size\"><a href=\"https:\/\/hckadan.cz\/index.php\/https-hckadan-cz-index-php-tymy-muzi\/benjaminci\/\" data-type=\"URL\" data-id=\"https:\/\/hckadan.cz\/index.php\/https-hckadan-cz-index-php-tymy-muzi\/benjaminci\/\">BENJAM\u00cdNCI<\/a><\/p>\n\n\n\n<p class=\"has-text-align-center has-large-font-size\">   2023\/2024<\/p>\n<\/div><\/div>\n<\/div>\n<\/div>\n\n\n\n<p><\/p>\n\n\n\n<p><\/p>\n","protected":false},"excerpt":{"rendered":"","protected":false},"author":1,"featured_media":0,"parent":0,"menu_order":0,"comment_status":"closed","ping_status":"closed","template":"","meta":{"ngg_post_thumbnail":0,"footnotes":""},"class_list":["post-130","page","type-page","status-publish","hentry"],"_links":{"self":[{"href":"https:\/\/hckadan.cz\/index.php\/wp-json\/wp\/v2\/pages\/130","targetHints":{"allow":["GET"]}}],"collection":[{"href":"https:\/\/hckadan.cz\/index.php\/wp-json\/wp\/v2\/pages"}],"about":[{"href":"https:\/\/hckadan.cz\/index.php\/wp-json\/wp\/v2\/types\/page"}],"author":[{"embeddable":true,"href":"https:\/\/hckadan.cz\/index.php\/wp-json\/wp\/v2\/users\/1"}],"replies":[{"embeddable":true,"href":"https:\/\/hckadan.cz\/index.php\/wp-json\/wp\/v2\/comments?post=130"}],"version-history":[{"count":56,"href":"https:\/\/hckadan.cz\/index.php\/wp-json\/wp\/v2\/pages\/130\/revisions"}],"predecessor-version":[{"id":1423,"href":"https:\/\/hckadan.cz\/index.php\/wp-json\/wp\/v2\/pages\/130\/revisions\/1423"}],"wp:attachment":[{"href":"https:\/\/hckadan.cz\/index.php\/wp-json\/wp\/v2\/media?parent=130"}],"curies":[{"name":"wp","href":"https:\/\/api.w.org\/{rel}","templated":true}]}}