{"id":157,"date":"2020-12-19T23:19:47","date_gmt":"2020-12-19T22:19:47","guid":{"rendered":"http:\/\/hckadan.42web.io\/?page_id=157"},"modified":"2025-10-05T15:49:05","modified_gmt":"2025-10-05T13:49:05","slug":"muzi","status":"publish","type":"page","link":"https:\/\/hckadan.cz\/index.php\/https-hckadan-cz-index-php-tymy-muzi\/muzi\/","title":{"rendered":"Mu\u017ei"},"content":{"rendered":"\n<figure class=\"wp-block-gallery has-nested-images columns-default is-cropped wp-block-gallery-1 is-layout-flex wp-block-gallery-is-layout-flex\">\n<figure class=\"wp-block-image size-large\"><img loading=\"lazy\" decoding=\"async\" width=\"1024\" height=\"681\" data-id=\"1781\" src=\"http:\/\/hckadan.cz\/wp-content\/uploads\/2024\/07\/DSC_4339-1024x681.jpg\" alt=\"\" class=\"wp-image-1781\" srcset=\"https:\/\/hckadan.cz\/wp-content\/uploads\/2024\/07\/DSC_4339-1024x681.jpg 1024w, https:\/\/hckadan.cz\/wp-content\/uploads\/2024\/07\/DSC_4339-300x200.jpg 300w, https:\/\/hckadan.cz\/wp-content\/uploads\/2024\/07\/DSC_4339-768x511.jpg 768w, https:\/\/hckadan.cz\/wp-content\/uploads\/2024\/07\/DSC_4339-1536x1022.jpg 1536w, https:\/\/hckadan.cz\/wp-content\/uploads\/2024\/07\/DSC_4339-2048x1363.jpg 2048w, https:\/\/hckadan.cz\/wp-content\/uploads\/2024\/07\/DSC_4339-128x85.jpg 128w, https:\/\/hckadan.cz\/wp-content\/uploads\/2024\/07\/DSC_4339-32x21.jpg 32w\" sizes=\"auto, (max-width: 1024px) 100vw, 1024px\" \/><figcaption class=\"wp-element-caption\"><strong>HC Kada\u0148  sez\u00f3na  2023\/2024<\/strong><\/figcaption><\/figure>\n<\/figure>\n\n\n\n<h2 class=\"wp-block-heading\">BRANK\u00c1\u0158I<\/h2>\n\n\n\n<div class=\"wp-block-columns is-layout-flex wp-container-core-columns-is-layout-9d6595d7 wp-block-columns-is-layout-flex\">\n<div class=\"wp-block-column is-layout-flow wp-block-column-is-layout-flow\">\n<figure class=\"wp-block-image size-large\"><img loading=\"lazy\" decoding=\"async\" width=\"682\" height=\"1024\" src=\"http:\/\/hckadan.cz\/wp-content\/uploads\/2025\/10\/2-682x1024.png\" alt=\"\" class=\"wp-image-2042\" srcset=\"https:\/\/hckadan.cz\/wp-content\/uploads\/2025\/10\/2-682x1024.png 682w, https:\/\/hckadan.cz\/wp-content\/uploads\/2025\/10\/2-200x300.png 200w, https:\/\/hckadan.cz\/wp-content\/uploads\/2025\/10\/2-768x1152.png 768w, https:\/\/hckadan.cz\/wp-content\/uploads\/2025\/10\/2-1024x1536.png 1024w, https:\/\/hckadan.cz\/wp-content\/uploads\/2025\/10\/2-85x128.png 85w, https:\/\/hckadan.cz\/wp-content\/uploads\/2025\/10\/2-21x32.png 21w, https:\/\/hckadan.cz\/wp-content\/uploads\/2025\/10\/2.png 1181w\" sizes=\"auto, (max-width: 682px) 100vw, 682px\" \/><\/figure>\n\n\n\n<figure class=\"wp-block-image alignfull size-large\"><img loading=\"lazy\" decoding=\"async\" width=\"1181\" height=\"1772\" src=\"http:\/\/hckadan.cz\/wp-content\/uploads\/2025\/10\/24-682x1024.png\" alt=\"\" class=\"wp-image-2029\" srcset=\"https:\/\/hckadan.cz\/wp-content\/uploads\/2025\/10\/24-682x1024.png 682w, https:\/\/hckadan.cz\/wp-content\/uploads\/2025\/10\/24-200x300.png 200w, https:\/\/hckadan.cz\/wp-content\/uploads\/2025\/10\/24-768x1152.png 768w, https:\/\/hckadan.cz\/wp-content\/uploads\/2025\/10\/24-1024x1536.png 1024w, https:\/\/hckadan.cz\/wp-content\/uploads\/2025\/10\/24-85x128.png 85w, https:\/\/hckadan.cz\/wp-content\/uploads\/2025\/10\/24-21x32.png 21w, https:\/\/hckadan.cz\/wp-content\/uploads\/2025\/10\/24.png 1181w\" sizes=\"auto, (max-width: 1181px) 100vw, 1181px\" \/><\/figure>\n<\/div>\n\n\n\n<div class=\"wp-block-column is-layout-flow wp-block-column-is-layout-flow\">\n<figure class=\"wp-block-image size-large\"><img loading=\"lazy\" decoding=\"async\" width=\"682\" height=\"1024\" src=\"http:\/\/hckadan.cz\/wp-content\/uploads\/2025\/10\/21-682x1024.png\" alt=\"\" class=\"wp-image-2026\" srcset=\"https:\/\/hckadan.cz\/wp-content\/uploads\/2025\/10\/21-682x1024.png 682w, https:\/\/hckadan.cz\/wp-content\/uploads\/2025\/10\/21-200x300.png 200w, https:\/\/hckadan.cz\/wp-content\/uploads\/2025\/10\/21-768x1152.png 768w, https:\/\/hckadan.cz\/wp-content\/uploads\/2025\/10\/21-1024x1536.png 1024w, https:\/\/hckadan.cz\/wp-content\/uploads\/2025\/10\/21-85x128.png 85w, https:\/\/hckadan.cz\/wp-content\/uploads\/2025\/10\/21-21x32.png 21w, https:\/\/hckadan.cz\/wp-content\/uploads\/2025\/10\/21.png 1181w\" sizes=\"auto, (max-width: 682px) 100vw, 682px\" \/><\/figure>\n<\/div>\n\n\n\n<div class=\"wp-block-column is-layout-flow wp-block-column-is-layout-flow\">\n<figure class=\"wp-block-image size-large\"><img loading=\"lazy\" decoding=\"async\" width=\"682\" height=\"1024\" src=\"http:\/\/hckadan.cz\/wp-content\/uploads\/2025\/10\/23-682x1024.png\" alt=\"\" class=\"wp-image-2028\" srcset=\"https:\/\/hckadan.cz\/wp-content\/uploads\/2025\/10\/23-682x1024.png 682w, https:\/\/hckadan.cz\/wp-content\/uploads\/2025\/10\/23-200x300.png 200w, https:\/\/hckadan.cz\/wp-content\/uploads\/2025\/10\/23-768x1152.png 768w, https:\/\/hckadan.cz\/wp-content\/uploads\/2025\/10\/23-1024x1536.png 1024w, https:\/\/hckadan.cz\/wp-content\/uploads\/2025\/10\/23-85x128.png 85w, https:\/\/hckadan.cz\/wp-content\/uploads\/2025\/10\/23-21x32.png 21w, https:\/\/hckadan.cz\/wp-content\/uploads\/2025\/10\/23.png 1181w\" sizes=\"auto, (max-width: 682px) 100vw, 682px\" \/><\/figure>\n<\/div>\n<\/div>\n\n\n\n<h2 class=\"wp-block-heading\">Obr\u00e1nci<\/h2>\n\n\n\n<div class=\"wp-block-columns is-layout-flex wp-container-core-columns-is-layout-9d6595d7 wp-block-columns-is-layout-flex\">\n<div class=\"wp-block-column is-layout-flow wp-block-column-is-layout-flow\">\n<figure class=\"wp-block-image size-large\"><img loading=\"lazy\" decoding=\"async\" width=\"682\" height=\"1024\" src=\"http:\/\/hckadan.cz\/wp-content\/uploads\/2025\/10\/3-682x1024.png\" alt=\"\" class=\"wp-image-2043\" srcset=\"https:\/\/hckadan.cz\/wp-content\/uploads\/2025\/10\/3-682x1024.png 682w, https:\/\/hckadan.cz\/wp-content\/uploads\/2025\/10\/3-200x300.png 200w, https:\/\/hckadan.cz\/wp-content\/uploads\/2025\/10\/3-768x1152.png 768w, https:\/\/hckadan.cz\/wp-content\/uploads\/2025\/10\/3-1024x1536.png 1024w, https:\/\/hckadan.cz\/wp-content\/uploads\/2025\/10\/3-85x128.png 85w, https:\/\/hckadan.cz\/wp-content\/uploads\/2025\/10\/3-21x32.png 21w, https:\/\/hckadan.cz\/wp-content\/uploads\/2025\/10\/3.png 1181w\" sizes=\"auto, (max-width: 682px) 100vw, 682px\" \/><\/figure>\n<\/div>\n\n\n\n<div class=\"wp-block-column is-layout-flow wp-block-column-is-layout-flow\">\n<figure class=\"wp-block-image size-large\"><img loading=\"lazy\" decoding=\"async\" width=\"682\" height=\"1024\" src=\"http:\/\/hckadan.cz\/wp-content\/uploads\/2025\/10\/7-682x1024.png\" alt=\"\" class=\"wp-image-2032\" srcset=\"https:\/\/hckadan.cz\/wp-content\/uploads\/2025\/10\/7-682x1024.png 682w, https:\/\/hckadan.cz\/wp-content\/uploads\/2025\/10\/7-200x300.png 200w, https:\/\/hckadan.cz\/wp-content\/uploads\/2025\/10\/7-768x1152.png 768w, https:\/\/hckadan.cz\/wp-content\/uploads\/2025\/10\/7-1024x1536.png 1024w, https:\/\/hckadan.cz\/wp-content\/uploads\/2025\/10\/7-85x128.png 85w, https:\/\/hckadan.cz\/wp-content\/uploads\/2025\/10\/7-21x32.png 21w, https:\/\/hckadan.cz\/wp-content\/uploads\/2025\/10\/7.png 1181w\" sizes=\"auto, (max-width: 682px) 100vw, 682px\" \/><\/figure>\n<\/div>\n\n\n\n<div class=\"wp-block-column is-layout-flow wp-block-column-is-layout-flow\">\n<figure class=\"wp-block-image size-large\"><img loading=\"lazy\" decoding=\"async\" width=\"682\" height=\"1024\" src=\"http:\/\/hckadan.cz\/wp-content\/uploads\/2025\/10\/kabina-1-682x1024.png\" alt=\"\" class=\"wp-image-2045\" srcset=\"https:\/\/hckadan.cz\/wp-content\/uploads\/2025\/10\/kabina-1-682x1024.png 682w, https:\/\/hckadan.cz\/wp-content\/uploads\/2025\/10\/kabina-1-200x300.png 200w, https:\/\/hckadan.cz\/wp-content\/uploads\/2025\/10\/kabina-1-768x1152.png 768w, https:\/\/hckadan.cz\/wp-content\/uploads\/2025\/10\/kabina-1-1024x1536.png 1024w, https:\/\/hckadan.cz\/wp-content\/uploads\/2025\/10\/kabina-1-85x128.png 85w, https:\/\/hckadan.cz\/wp-content\/uploads\/2025\/10\/kabina-1-21x32.png 21w, https:\/\/hckadan.cz\/wp-content\/uploads\/2025\/10\/kabina-1.png 1181w\" sizes=\"auto, (max-width: 682px) 100vw, 682px\" \/><\/figure>\n<\/div>\n<\/div>\n\n\n\n<div class=\"wp-block-columns is-layout-flex wp-container-core-columns-is-layout-9d6595d7 wp-block-columns-is-layout-flex\">\n<div class=\"wp-block-column is-layout-flow wp-block-column-is-layout-flow\">\n<figure class=\"wp-block-image size-large\"><img loading=\"lazy\" decoding=\"async\" width=\"682\" height=\"1024\" src=\"http:\/\/hckadan.cz\/wp-content\/uploads\/2025\/10\/13-682x1024.png\" alt=\"\" class=\"wp-image-2038\" srcset=\"https:\/\/hckadan.cz\/wp-content\/uploads\/2025\/10\/13-682x1024.png 682w, https:\/\/hckadan.cz\/wp-content\/uploads\/2025\/10\/13-200x300.png 200w, https:\/\/hckadan.cz\/wp-content\/uploads\/2025\/10\/13-768x1152.png 768w, https:\/\/hckadan.cz\/wp-content\/uploads\/2025\/10\/13-1024x1536.png 1024w, https:\/\/hckadan.cz\/wp-content\/uploads\/2025\/10\/13-85x128.png 85w, https:\/\/hckadan.cz\/wp-content\/uploads\/2025\/10\/13-21x32.png 21w, https:\/\/hckadan.cz\/wp-content\/uploads\/2025\/10\/13.png 1181w\" sizes=\"auto, (max-width: 682px) 100vw, 682px\" \/><\/figure>\n\n\n\n<figure class=\"wp-block-image alignfull size-large\"><img loading=\"lazy\" decoding=\"async\" width=\"682\" height=\"1024\" src=\"http:\/\/hckadan.cz\/wp-content\/uploads\/2025\/10\/22-682x1024.png\" alt=\"\" class=\"wp-image-2027\" srcset=\"https:\/\/hckadan.cz\/wp-content\/uploads\/2025\/10\/22-682x1024.png 682w, https:\/\/hckadan.cz\/wp-content\/uploads\/2025\/10\/22-200x300.png 200w, https:\/\/hckadan.cz\/wp-content\/uploads\/2025\/10\/22-768x1152.png 768w, https:\/\/hckadan.cz\/wp-content\/uploads\/2025\/10\/22-1024x1536.png 1024w, https:\/\/hckadan.cz\/wp-content\/uploads\/2025\/10\/22-85x128.png 85w, https:\/\/hckadan.cz\/wp-content\/uploads\/2025\/10\/22-21x32.png 21w, https:\/\/hckadan.cz\/wp-content\/uploads\/2025\/10\/22.png 1181w\" sizes=\"auto, (max-width: 682px) 100vw, 682px\" \/><\/figure>\n<\/div>\n\n\n\n<div class=\"wp-block-column is-layout-flow wp-block-column-is-layout-flow\">\n<figure class=\"wp-block-image size-large\"><img loading=\"lazy\" decoding=\"async\" width=\"682\" height=\"1024\" src=\"http:\/\/hckadan.cz\/wp-content\/uploads\/2025\/10\/19-682x1024.png\" alt=\"\" class=\"wp-image-2024\" srcset=\"https:\/\/hckadan.cz\/wp-content\/uploads\/2025\/10\/19-682x1024.png 682w, https:\/\/hckadan.cz\/wp-content\/uploads\/2025\/10\/19-200x300.png 200w, https:\/\/hckadan.cz\/wp-content\/uploads\/2025\/10\/19-768x1152.png 768w, https:\/\/hckadan.cz\/wp-content\/uploads\/2025\/10\/19-1024x1536.png 1024w, https:\/\/hckadan.cz\/wp-content\/uploads\/2025\/10\/19-85x128.png 85w, https:\/\/hckadan.cz\/wp-content\/uploads\/2025\/10\/19-21x32.png 21w, https:\/\/hckadan.cz\/wp-content\/uploads\/2025\/10\/19.png 1181w\" sizes=\"auto, (max-width: 682px) 100vw, 682px\" \/><\/figure>\n<\/div>\n\n\n\n<div class=\"wp-block-column is-layout-flow wp-block-column-is-layout-flow\">\n<figure class=\"wp-block-image size-large\"><img loading=\"lazy\" decoding=\"async\" width=\"682\" height=\"1024\" src=\"http:\/\/hckadan.cz\/wp-content\/uploads\/2025\/10\/20-682x1024.png\" alt=\"\" class=\"wp-image-2025\" srcset=\"https:\/\/hckadan.cz\/wp-content\/uploads\/2025\/10\/20-682x1024.png 682w, https:\/\/hckadan.cz\/wp-content\/uploads\/2025\/10\/20-200x300.png 200w, https:\/\/hckadan.cz\/wp-content\/uploads\/2025\/10\/20-768x1152.png 768w, https:\/\/hckadan.cz\/wp-content\/uploads\/2025\/10\/20-1024x1536.png 1024w, https:\/\/hckadan.cz\/wp-content\/uploads\/2025\/10\/20-85x128.png 85w, https:\/\/hckadan.cz\/wp-content\/uploads\/2025\/10\/20-21x32.png 21w, https:\/\/hckadan.cz\/wp-content\/uploads\/2025\/10\/20.png 1181w\" sizes=\"auto, (max-width: 682px) 100vw, 682px\" \/><\/figure>\n<\/div>\n<\/div>\n\n\n\n<div class=\"wp-block-columns is-layout-flex wp-container-core-columns-is-layout-9d6595d7 wp-block-columns-is-layout-flex\">\n<div class=\"wp-block-column is-layout-flow wp-block-column-is-layout-flow\"><\/div>\n\n\n\n<div class=\"wp-block-column is-layout-flow wp-block-column-is-layout-flow\"><\/div>\n\n\n\n<div class=\"wp-block-column is-layout-flow wp-block-column-is-layout-flow\"><\/div>\n<\/div>\n\n\n\n<h2 class=\"wp-block-heading\">Z\u00e1lo\u017en\u00edci<\/h2>\n\n\n\n<div class=\"wp-block-columns is-layout-flex wp-container-core-columns-is-layout-9d6595d7 wp-block-columns-is-layout-flex\">\n<div class=\"wp-block-column is-layout-flow wp-block-column-is-layout-flow\">\n<figure class=\"wp-block-image size-large\"><img loading=\"lazy\" decoding=\"async\" width=\"1181\" height=\"1772\" src=\"http:\/\/hckadan.cz\/wp-content\/uploads\/2025\/10\/4-682x1024.png\" alt=\"\" class=\"wp-image-2035\" srcset=\"https:\/\/hckadan.cz\/wp-content\/uploads\/2025\/10\/4-682x1024.png 682w, https:\/\/hckadan.cz\/wp-content\/uploads\/2025\/10\/4-200x300.png 200w, https:\/\/hckadan.cz\/wp-content\/uploads\/2025\/10\/4-768x1152.png 768w, https:\/\/hckadan.cz\/wp-content\/uploads\/2025\/10\/4-1024x1536.png 1024w, https:\/\/hckadan.cz\/wp-content\/uploads\/2025\/10\/4-85x128.png 85w, https:\/\/hckadan.cz\/wp-content\/uploads\/2025\/10\/4-21x32.png 21w, https:\/\/hckadan.cz\/wp-content\/uploads\/2025\/10\/4.png 1181w\" sizes=\"auto, (max-width: 1181px) 100vw, 1181px\" \/><\/figure>\n<\/div>\n\n\n\n<div class=\"wp-block-column is-layout-flow wp-block-column-is-layout-flow\">\n<figure class=\"wp-block-image size-large\"><img loading=\"lazy\" decoding=\"async\" width=\"682\" height=\"1024\" src=\"http:\/\/hckadan.cz\/wp-content\/uploads\/2025\/10\/8-682x1024.png\" alt=\"\" class=\"wp-image-2033\" srcset=\"https:\/\/hckadan.cz\/wp-content\/uploads\/2025\/10\/8-682x1024.png 682w, https:\/\/hckadan.cz\/wp-content\/uploads\/2025\/10\/8-200x300.png 200w, https:\/\/hckadan.cz\/wp-content\/uploads\/2025\/10\/8-768x1152.png 768w, https:\/\/hckadan.cz\/wp-content\/uploads\/2025\/10\/8-1024x1536.png 1024w, https:\/\/hckadan.cz\/wp-content\/uploads\/2025\/10\/8-85x128.png 85w, https:\/\/hckadan.cz\/wp-content\/uploads\/2025\/10\/8-21x32.png 21w, https:\/\/hckadan.cz\/wp-content\/uploads\/2025\/10\/8.png 1181w\" sizes=\"auto, (max-width: 682px) 100vw, 682px\" \/><\/figure>\n<\/div>\n\n\n\n<div class=\"wp-block-column is-layout-flow wp-block-column-is-layout-flow\">\n<figure class=\"wp-block-image size-large\"><img loading=\"lazy\" decoding=\"async\" width=\"682\" height=\"1024\" src=\"http:\/\/hckadan.cz\/wp-content\/uploads\/2025\/10\/9-682x1024.png\" alt=\"\" class=\"wp-image-2034\" srcset=\"https:\/\/hckadan.cz\/wp-content\/uploads\/2025\/10\/9-682x1024.png 682w, https:\/\/hckadan.cz\/wp-content\/uploads\/2025\/10\/9-200x300.png 200w, https:\/\/hckadan.cz\/wp-content\/uploads\/2025\/10\/9-768x1152.png 768w, https:\/\/hckadan.cz\/wp-content\/uploads\/2025\/10\/9-1024x1536.png 1024w, https:\/\/hckadan.cz\/wp-content\/uploads\/2025\/10\/9-85x128.png 85w, https:\/\/hckadan.cz\/wp-content\/uploads\/2025\/10\/9-21x32.png 21w, https:\/\/hckadan.cz\/wp-content\/uploads\/2025\/10\/9.png 1181w\" sizes=\"auto, (max-width: 682px) 100vw, 682px\" \/><\/figure>\n<\/div>\n<\/div>\n\n\n\n<div class=\"wp-block-columns is-layout-flex wp-container-core-columns-is-layout-9d6595d7 wp-block-columns-is-layout-flex\">\n<div class=\"wp-block-column is-layout-flow wp-block-column-is-layout-flow\">\n<figure class=\"wp-block-image size-large\"><img loading=\"lazy\" decoding=\"async\" width=\"682\" height=\"1024\" src=\"http:\/\/hckadan.cz\/wp-content\/uploads\/2025\/10\/11-682x1024.png\" alt=\"\" class=\"wp-image-2036\" srcset=\"https:\/\/hckadan.cz\/wp-content\/uploads\/2025\/10\/11-682x1024.png 682w, https:\/\/hckadan.cz\/wp-content\/uploads\/2025\/10\/11-200x300.png 200w, https:\/\/hckadan.cz\/wp-content\/uploads\/2025\/10\/11-768x1152.png 768w, https:\/\/hckadan.cz\/wp-content\/uploads\/2025\/10\/11-1024x1536.png 1024w, https:\/\/hckadan.cz\/wp-content\/uploads\/2025\/10\/11-85x128.png 85w, https:\/\/hckadan.cz\/wp-content\/uploads\/2025\/10\/11-21x32.png 21w, https:\/\/hckadan.cz\/wp-content\/uploads\/2025\/10\/11.png 1181w\" sizes=\"auto, (max-width: 682px) 100vw, 682px\" \/><\/figure>\n<\/div>\n\n\n\n<div class=\"wp-block-column is-layout-flow wp-block-column-is-layout-flow\">\n<figure class=\"wp-block-image size-large\"><img loading=\"lazy\" decoding=\"async\" width=\"682\" height=\"1024\" src=\"http:\/\/hckadan.cz\/wp-content\/uploads\/2025\/10\/kabina-682x1024.png\" alt=\"\" class=\"wp-image-2044\" srcset=\"https:\/\/hckadan.cz\/wp-content\/uploads\/2025\/10\/kabina-682x1024.png 682w, https:\/\/hckadan.cz\/wp-content\/uploads\/2025\/10\/kabina-200x300.png 200w, https:\/\/hckadan.cz\/wp-content\/uploads\/2025\/10\/kabina-768x1152.png 768w, https:\/\/hckadan.cz\/wp-content\/uploads\/2025\/10\/kabina-1024x1536.png 1024w, https:\/\/hckadan.cz\/wp-content\/uploads\/2025\/10\/kabina-85x128.png 85w, https:\/\/hckadan.cz\/wp-content\/uploads\/2025\/10\/kabina-21x32.png 21w, https:\/\/hckadan.cz\/wp-content\/uploads\/2025\/10\/kabina.png 1181w\" sizes=\"auto, (max-width: 682px) 100vw, 682px\" \/><\/figure>\n<\/div>\n\n\n\n<div class=\"wp-block-column is-layout-flow wp-block-column-is-layout-flow\"><\/div>\n<\/div>\n\n\n\n<div class=\"wp-block-columns is-layout-flex wp-container-core-columns-is-layout-9d6595d7 wp-block-columns-is-layout-flex\">\n<div class=\"wp-block-column is-layout-flow wp-block-column-is-layout-flow\"><\/div>\n\n\n\n<div class=\"wp-block-column is-layout-flow wp-block-column-is-layout-flow\"><\/div>\n<\/div>\n\n\n\n<h2 class=\"wp-block-heading\">\u00dato\u010dn\u00edci<\/h2>\n\n\n\n<div class=\"wp-block-columns is-layout-flex wp-container-core-columns-is-layout-9d6595d7 wp-block-columns-is-layout-flex\">\n<div class=\"wp-block-column is-layout-flow wp-block-column-is-layout-flow\">\n<figure class=\"wp-block-image size-large\"><img loading=\"lazy\" decoding=\"async\" width=\"682\" height=\"1024\" src=\"http:\/\/hckadan.cz\/wp-content\/uploads\/2025\/10\/5-682x1024.png\" alt=\"\" class=\"wp-image-2030\" srcset=\"https:\/\/hckadan.cz\/wp-content\/uploads\/2025\/10\/5-682x1024.png 682w, https:\/\/hckadan.cz\/wp-content\/uploads\/2025\/10\/5-200x300.png 200w, https:\/\/hckadan.cz\/wp-content\/uploads\/2025\/10\/5-768x1152.png 768w, https:\/\/hckadan.cz\/wp-content\/uploads\/2025\/10\/5-1024x1536.png 1024w, https:\/\/hckadan.cz\/wp-content\/uploads\/2025\/10\/5-85x128.png 85w, https:\/\/hckadan.cz\/wp-content\/uploads\/2025\/10\/5-21x32.png 21w, https:\/\/hckadan.cz\/wp-content\/uploads\/2025\/10\/5.png 1181w\" sizes=\"auto, (max-width: 682px) 100vw, 682px\" \/><\/figure>\n<\/div>\n\n\n\n<div class=\"wp-block-column is-layout-flow wp-block-column-is-layout-flow\">\n<figure class=\"wp-block-image size-large\"><img loading=\"lazy\" decoding=\"async\" width=\"682\" height=\"1024\" src=\"http:\/\/hckadan.cz\/wp-content\/uploads\/2025\/10\/10-682x1024.png\" alt=\"\" class=\"wp-image-2020\" srcset=\"https:\/\/hckadan.cz\/wp-content\/uploads\/2025\/10\/10-682x1024.png 682w, https:\/\/hckadan.cz\/wp-content\/uploads\/2025\/10\/10-200x300.png 200w, https:\/\/hckadan.cz\/wp-content\/uploads\/2025\/10\/10-768x1152.png 768w, https:\/\/hckadan.cz\/wp-content\/uploads\/2025\/10\/10-1024x1536.png 1024w, https:\/\/hckadan.cz\/wp-content\/uploads\/2025\/10\/10-85x128.png 85w, https:\/\/hckadan.cz\/wp-content\/uploads\/2025\/10\/10-21x32.png 21w, https:\/\/hckadan.cz\/wp-content\/uploads\/2025\/10\/10.png 1181w\" sizes=\"auto, (max-width: 682px) 100vw, 682px\" \/><\/figure>\n<\/div>\n\n\n\n<div class=\"wp-block-column is-layout-flow wp-block-column-is-layout-flow\">\n<figure class=\"wp-block-image size-large\"><img loading=\"lazy\" decoding=\"async\" width=\"682\" height=\"1024\" src=\"http:\/\/hckadan.cz\/wp-content\/uploads\/2025\/10\/14-682x1024.png\" alt=\"\" class=\"wp-image-2039\" srcset=\"https:\/\/hckadan.cz\/wp-content\/uploads\/2025\/10\/14-682x1024.png 682w, https:\/\/hckadan.cz\/wp-content\/uploads\/2025\/10\/14-200x300.png 200w, https:\/\/hckadan.cz\/wp-content\/uploads\/2025\/10\/14-768x1152.png 768w, https:\/\/hckadan.cz\/wp-content\/uploads\/2025\/10\/14-1024x1536.png 1024w, https:\/\/hckadan.cz\/wp-content\/uploads\/2025\/10\/14-85x128.png 85w, https:\/\/hckadan.cz\/wp-content\/uploads\/2025\/10\/14-21x32.png 21w, https:\/\/hckadan.cz\/wp-content\/uploads\/2025\/10\/14.png 1181w\" sizes=\"auto, (max-width: 682px) 100vw, 682px\" \/><\/figure>\n<\/div>\n<\/div>\n\n\n\n<div class=\"wp-block-columns is-layout-flex wp-container-core-columns-is-layout-9d6595d7 wp-block-columns-is-layout-flex\">\n<div class=\"wp-block-column is-layout-flow wp-block-column-is-layout-flow\">\n<figure class=\"wp-block-image size-large\"><img loading=\"lazy\" decoding=\"async\" width=\"682\" height=\"1024\" src=\"http:\/\/hckadan.cz\/wp-content\/uploads\/2025\/10\/18-682x1024.png\" alt=\"\" class=\"wp-image-2023\" srcset=\"https:\/\/hckadan.cz\/wp-content\/uploads\/2025\/10\/18-682x1024.png 682w, https:\/\/hckadan.cz\/wp-content\/uploads\/2025\/10\/18-200x300.png 200w, https:\/\/hckadan.cz\/wp-content\/uploads\/2025\/10\/18-768x1152.png 768w, https:\/\/hckadan.cz\/wp-content\/uploads\/2025\/10\/18-1024x1536.png 1024w, https:\/\/hckadan.cz\/wp-content\/uploads\/2025\/10\/18-85x128.png 85w, https:\/\/hckadan.cz\/wp-content\/uploads\/2025\/10\/18-21x32.png 21w, https:\/\/hckadan.cz\/wp-content\/uploads\/2025\/10\/18.png 1181w\" sizes=\"auto, (max-width: 682px) 100vw, 682px\" \/><\/figure>\n<\/div>\n\n\n\n<div class=\"wp-block-column is-layout-flow wp-block-column-is-layout-flow\"><\/div>\n\n\n\n<div class=\"wp-block-column is-layout-flow wp-block-column-is-layout-flow\"><\/div>\n<\/div>\n\n\n\n<h2 class=\"wp-block-heading\">Tren\u00e9r<\/h2>\n\n\n\n<div class=\"wp-block-columns is-layout-flex wp-container-core-columns-is-layout-9d6595d7 wp-block-columns-is-layout-flex\">\n<div class=\"wp-block-column is-layout-flow wp-block-column-is-layout-flow\">\n<figure class=\"wp-block-image size-large\"><img loading=\"lazy\" decoding=\"async\" width=\"682\" height=\"1024\" src=\"http:\/\/hckadan.cz\/wp-content\/uploads\/2025\/10\/1-682x1024.png\" alt=\"\" class=\"wp-image-2041\" srcset=\"https:\/\/hckadan.cz\/wp-content\/uploads\/2025\/10\/1-682x1024.png 682w, https:\/\/hckadan.cz\/wp-content\/uploads\/2025\/10\/1-200x300.png 200w, https:\/\/hckadan.cz\/wp-content\/uploads\/2025\/10\/1-768x1152.png 768w, https:\/\/hckadan.cz\/wp-content\/uploads\/2025\/10\/1-1024x1536.png 1024w, https:\/\/hckadan.cz\/wp-content\/uploads\/2025\/10\/1-85x128.png 85w, https:\/\/hckadan.cz\/wp-content\/uploads\/2025\/10\/1-21x32.png 21w, https:\/\/hckadan.cz\/wp-content\/uploads\/2025\/10\/1.png 1181w\" sizes=\"auto, (max-width: 682px) 100vw, 682px\" \/><\/figure>\n<\/div>\n\n\n\n<div class=\"wp-block-column is-layout-flow wp-block-column-is-layout-flow\"><\/div>\n\n\n\n<div class=\"wp-block-column is-layout-flow wp-block-column-is-layout-flow\"><\/div>\n<\/div>\n","protected":false},"excerpt":{"rendered":"<p>BRANK\u00c1\u0158I Obr\u00e1nci Z\u00e1lo\u017en\u00edci \u00dato\u010dn\u00edci Tren\u00e9r<\/p>\n","protected":false},"author":1,"featured_media":0,"parent":130,"menu_order":0,"comment_status":"closed","ping_status":"closed","template":"","meta":{"ngg_post_thumbnail":0,"footnotes":""},"class_list":["post-157","page","type-page","status-publish","hentry"],"_links":{"self":[{"href":"https:\/\/hckadan.cz\/index.php\/wp-json\/wp\/v2\/pages\/157","targetHints":{"allow":["GET"]}}],"collection":[{"href":"https:\/\/hckadan.cz\/index.php\/wp-json\/wp\/v2\/pages"}],"about":[{"href":"https:\/\/hckadan.cz\/index.php\/wp-json\/wp\/v2\/types\/page"}],"author":[{"embeddable":true,"href":"https:\/\/hckadan.cz\/index.php\/wp-json\/wp\/v2\/users\/1"}],"replies":[{"embeddable":true,"href":"https:\/\/hckadan.cz\/index.php\/wp-json\/wp\/v2\/comments?post=157"}],"version-history":[{"count":31,"href":"https:\/\/hckadan.cz\/index.php\/wp-json\/wp\/v2\/pages\/157\/revisions"}],"predecessor-version":[{"id":2046,"href":"https:\/\/hckadan.cz\/index.php\/wp-json\/wp\/v2\/pages\/157\/revisions\/2046"}],"up":[{"embeddable":true,"href":"https:\/\/hckadan.cz\/index.php\/wp-json\/wp\/v2\/pages\/130"}],"wp:attachment":[{"href":"https:\/\/hckadan.cz\/index.php\/wp-json\/wp\/v2\/media?parent=157"}],"curies":[{"name":"wp","href":"https:\/\/api.w.org\/{rel}","templated":true}]}}