{"id":159,"date":"2020-12-19T23:20:03","date_gmt":"2020-12-19T22:20:03","guid":{"rendered":"http:\/\/hckadan.42web.io\/?page_id=159"},"modified":"2024-09-06T21:41:07","modified_gmt":"2024-09-06T19:41:07","slug":"zeny","status":"publish","type":"page","link":"https:\/\/hckadan.cz\/index.php\/https-hckadan-cz-index-php-tymy-muzi\/zeny\/","title":{"rendered":"\u017deny"},"content":{"rendered":"\n<figure class=\"wp-block-image size-large\"><img loading=\"lazy\" decoding=\"async\" width=\"1024\" height=\"683\" src=\"http:\/\/hckadan.cz\/wp-content\/uploads\/2024\/07\/IMG_6897-1024x683.jpg\" alt=\"\" class=\"wp-image-1784\" srcset=\"https:\/\/hckadan.cz\/wp-content\/uploads\/2024\/07\/IMG_6897-1024x683.jpg 1024w, https:\/\/hckadan.cz\/wp-content\/uploads\/2024\/07\/IMG_6897-300x200.jpg 300w, https:\/\/hckadan.cz\/wp-content\/uploads\/2024\/07\/IMG_6897-768x512.jpg 768w, https:\/\/hckadan.cz\/wp-content\/uploads\/2024\/07\/IMG_6897-1536x1024.jpg 1536w, https:\/\/hckadan.cz\/wp-content\/uploads\/2024\/07\/IMG_6897-2048x1366.jpg 2048w, https:\/\/hckadan.cz\/wp-content\/uploads\/2024\/07\/IMG_6897-128x85.jpg 128w, https:\/\/hckadan.cz\/wp-content\/uploads\/2024\/07\/IMG_6897-32x21.jpg 32w\" sizes=\"auto, (max-width: 1024px) 100vw, 1024px\" \/><\/figure>\n\n\n\n<figure class=\"wp-block-table is-style-regular\"><table class=\"has-background\" style=\"background-color:#fcf0ef\"><thead><tr><th class=\"has-text-align-center\" data-align=\"center\"><\/th><th>HC Kada\u0148 2024\/2025<br> \u017deny<\/th><\/tr><tr><th class=\"has-text-align-center\" data-align=\"center\">Tren\u00e9r<\/th><th>V\u00e1clav Soukup    ( email:   soukup@ktkadan.cz )<\/th><\/tr><tr><th class=\"has-text-align-center\" data-align=\"center\">Vedouc\u00ed t\u00fdmu<\/th><th>Miroslav Novotn\u00fd  ( email:  novotny@ktkadan.cz )<\/th><\/tr><\/thead><tbody><tr><td class=\"has-text-align-center\" data-align=\"center\"><strong>SOUPISKA<\/strong><\/td><td><\/td><\/tr><tr><td class=\"has-text-align-center\" data-align=\"center\"><\/td><td>Ren\u00e9 Pe\u0161outov\u00e1 (GK)<\/td><\/tr><tr><td class=\"has-text-align-center\" data-align=\"center\"><\/td><td>Veronika Hrub\u00e1<\/td><\/tr><tr><td class=\"has-text-align-center\" data-align=\"center\"><\/td><td>Ane\u017eka Je\u0161inov\u00e1<\/td><\/tr><tr><td class=\"has-text-align-center\" data-align=\"center\"><\/td><td>Kate\u0159ina Bu\u0148atov\u00e1<\/td><\/tr><tr><td class=\"has-text-align-center\" data-align=\"center\"><\/td><td>Kate\u0159ina Vlachov\u00e1<\/td><\/tr><tr><td class=\"has-text-align-center\" data-align=\"center\"><\/td><td>Kate\u0159ina Bubelov\u00e1<\/td><\/tr><tr><td class=\"has-text-align-center\" data-align=\"center\"><\/td><td>Lenka Le\u017ealov\u00e1<\/td><\/tr><tr><td class=\"has-text-align-center\" data-align=\"center\"><\/td><td>Madlen Metli\u010dkov\u00e1<\/td><\/tr><tr><td class=\"has-text-align-center\" data-align=\"center\"><\/td><td>Michaela Samcov\u00e1<\/td><\/tr><tr><td class=\"has-text-align-center\" data-align=\"center\"><\/td><td>Dominika Buchtov\u00e1<\/td><\/tr><tr><td class=\"has-text-align-center\" data-align=\"center\"><\/td><td>Iveta Buchtov\u00e1<\/td><\/tr><tr><td class=\"has-text-align-center\" data-align=\"center\"><\/td><td>Barbora Brand\u00fdsov\u00e1<\/td><\/tr><tr><td class=\"has-text-align-center\" data-align=\"center\"><\/td><td><\/td><\/tr><\/tbody><\/table><\/figure>\n\n\n\n<p><\/p>\n","protected":false},"excerpt":{"rendered":"<p>HC Kada\u0148 2024\/2025 \u017deny Tren\u00e9r V\u00e1clav Soukup ( email: soukup@ktkadan.cz ) Vedouc\u00ed t\u00fdmu Miroslav Novotn\u00fd [&hellip;]<\/p>\n","protected":false},"author":1,"featured_media":0,"parent":130,"menu_order":0,"comment_status":"closed","ping_status":"closed","template":"","meta":{"ngg_post_thumbnail":0,"footnotes":""},"class_list":["post-159","page","type-page","status-publish","hentry"],"_links":{"self":[{"href":"https:\/\/hckadan.cz\/index.php\/wp-json\/wp\/v2\/pages\/159","targetHints":{"allow":["GET"]}}],"collection":[{"href":"https:\/\/hckadan.cz\/index.php\/wp-json\/wp\/v2\/pages"}],"about":[{"href":"https:\/\/hckadan.cz\/index.php\/wp-json\/wp\/v2\/types\/page"}],"author":[{"embeddable":true,"href":"https:\/\/hckadan.cz\/index.php\/wp-json\/wp\/v2\/users\/1"}],"replies":[{"embeddable":true,"href":"https:\/\/hckadan.cz\/index.php\/wp-json\/wp\/v2\/comments?post=159"}],"version-history":[{"count":9,"href":"https:\/\/hckadan.cz\/index.php\/wp-json\/wp\/v2\/pages\/159\/revisions"}],"predecessor-version":[{"id":2067,"href":"https:\/\/hckadan.cz\/index.php\/wp-json\/wp\/v2\/pages\/159\/revisions\/2067"}],"up":[{"embeddable":true,"href":"https:\/\/hckadan.cz\/index.php\/wp-json\/wp\/v2\/pages\/130"}],"wp:attachment":[{"href":"https:\/\/hckadan.cz\/index.php\/wp-json\/wp\/v2\/media?parent=159"}],"curies":[{"name":"wp","href":"https:\/\/api.w.org\/{rel}","templated":true}]}}