{"id":171,"date":"2020-12-19T23:25:00","date_gmt":"2020-12-19T22:25:00","guid":{"rendered":"http:\/\/hckadan.42web.io\/?page_id=171"},"modified":"2025-11-04T15:40:37","modified_gmt":"2025-11-04T14:40:37","slug":"starsi-zaci","status":"publish","type":"page","link":"https:\/\/hckadan.cz\/index.php\/https-hckadan-cz-index-php-tymy-muzi\/starsi-zaci\/","title":{"rendered":"Star\u0161\u00ed \u017e\u00e1ci"},"content":{"rendered":"\n<h2 class=\"wp-block-heading\">Tren\u00e9\u0159i<\/h2>\n\n\n\n<div class=\"wp-block-columns is-layout-flex wp-container-core-columns-is-layout-9d6595d7 wp-block-columns-is-layout-flex\">\n<div class=\"wp-block-column is-layout-flow wp-block-column-is-layout-flow\" style=\"flex-basis:100%\">\n<figure class=\"wp-block-table\"><table><tbody><tr><td><strong>Jm\u00e9no<\/strong><\/td><td><strong>Funkce<\/strong><\/td><td><strong>Mail<\/strong><\/td><\/tr><tr><td>Jaroslav B\u011b\u017eel ml.<\/td><td>tren\u00e9r<\/td><td>jaroslav.bezel@outlook.cz<\/td><\/tr><tr><td>Jaroslav B\u011b\u017eel<\/td><td>tren\u00e9r<\/td><td>bezilek@seznam.cz<\/td><\/tr><\/tbody><\/table><\/figure>\n\n\n\n<h2 class=\"wp-block-heading\">Hr\u00e1\u010di<\/h2>\n\n\n\n<h3 class=\"wp-block-heading\">Brank\u00e1\u0159i<\/h3>\n\n\n\n<figure class=\"wp-block-table\"><table><tbody><tr><td>1<\/td><td>David Fi\u0161er<\/td><\/tr><tr><td>88<\/td><td>Martin Grund<\/td><\/tr><\/tbody><\/table><\/figure>\n\n\n\n<h3 class=\"wp-block-heading\">Obr\u00e1nci<\/h3>\n\n\n\n<figure class=\"wp-block-table\"><table><tbody><tr><td>2<\/td><td>Mikul\u00e1\u0161 \u0160irok\u00fd<\/td><\/tr><tr><td>4<\/td><td>Jan Kus\u00fd<\/td><\/tr><tr><td>17<\/td><td>Maty\u00e1\u0161 Kotlan<\/td><\/tr><tr><td>18<\/td><td>J\u00e1chym Bala\u017e\u00edk<\/td><\/tr><\/tbody><\/table><\/figure>\n\n\n\n<h3 class=\"wp-block-heading\">Z\u00e1lo\u017en\u00edci<\/h3>\n\n\n\n<figure class=\"wp-block-table\"><table><tbody><tr><td>7<\/td><td>Jakub Skala<\/td><\/tr><tr><td>14<\/td><td>Kristi\u00e1n \u010ea\u010denko<\/td><\/tr><tr><td>14<\/td><td>Jan Kube\u0161<\/td><\/tr><tr><td>16<\/td><td>Dominik Bare\u0161<\/td><\/tr><\/tbody><\/table><\/figure>\n\n\n\n<h3 class=\"wp-block-heading\">\u00dato\u010dn\u00edci<\/h3>\n\n\n\n<figure class=\"wp-block-table\"><table><tbody><tr><td>5<\/td><td>Tom\u00e1\u0161 B\u011b\u017eel<\/td><\/tr><tr><td>7<\/td><td>Dominik Plz\u00e1k<\/td><\/tr><\/tbody><\/table><\/figure>\n<\/div>\n<\/div>\n","protected":false},"excerpt":{"rendered":"<p>Tren\u00e9\u0159i Jm\u00e9no Funkce Mail Jaroslav B\u011b\u017eel ml. tren\u00e9r jaroslav.bezel@outlook.cz Jaroslav B\u011b\u017eel tren\u00e9r bezilek@seznam.cz Hr\u00e1\u010di Brank\u00e1\u0159i [&hellip;]<\/p>\n","protected":false},"author":1,"featured_media":0,"parent":130,"menu_order":0,"comment_status":"closed","ping_status":"closed","template":"","meta":{"ngg_post_thumbnail":0,"footnotes":""},"class_list":["post-171","page","type-page","status-publish","hentry"],"_links":{"self":[{"href":"https:\/\/hckadan.cz\/index.php\/wp-json\/wp\/v2\/pages\/171","targetHints":{"allow":["GET"]}}],"collection":[{"href":"https:\/\/hckadan.cz\/index.php\/wp-json\/wp\/v2\/pages"}],"about":[{"href":"https:\/\/hckadan.cz\/index.php\/wp-json\/wp\/v2\/types\/page"}],"author":[{"embeddable":true,"href":"https:\/\/hckadan.cz\/index.php\/wp-json\/wp\/v2\/users\/1"}],"replies":[{"embeddable":true,"href":"https:\/\/hckadan.cz\/index.php\/wp-json\/wp\/v2\/comments?post=171"}],"version-history":[{"count":25,"href":"https:\/\/hckadan.cz\/index.php\/wp-json\/wp\/v2\/pages\/171\/revisions"}],"predecessor-version":[{"id":2093,"href":"https:\/\/hckadan.cz\/index.php\/wp-json\/wp\/v2\/pages\/171\/revisions\/2093"}],"up":[{"embeddable":true,"href":"https:\/\/hckadan.cz\/index.php\/wp-json\/wp\/v2\/pages\/130"}],"wp:attachment":[{"href":"https:\/\/hckadan.cz\/index.php\/wp-json\/wp\/v2\/media?parent=171"}],"curies":[{"name":"wp","href":"https:\/\/api.w.org\/{rel}","templated":true}]}}