{"id":172,"date":"2020-12-19T23:25:00","date_gmt":"2020-12-19T22:25:00","guid":{"rendered":"http:\/\/hckadan.42web.io\/?page_id=172"},"modified":"2025-10-05T20:07:02","modified_gmt":"2025-10-05T18:07:02","slug":"mladsi-zaci","status":"publish","type":"page","link":"https:\/\/hckadan.cz\/index.php\/https-hckadan-cz-index-php-tymy-muzi\/mladsi-zaci\/","title":{"rendered":"Mlad\u0161\u00ed \u017e\u00e1ci"},"content":{"rendered":"\n<figure class=\"wp-block-image size-large\"><img loading=\"lazy\" decoding=\"async\" width=\"1024\" height=\"768\" src=\"https:\/\/hckadan.cz\/wp-content\/uploads\/2025\/10\/image-1024x768.png\" alt=\"\" class=\"wp-image-2061\" srcset=\"https:\/\/hckadan.cz\/wp-content\/uploads\/2025\/10\/image-1024x768.png 1024w, https:\/\/hckadan.cz\/wp-content\/uploads\/2025\/10\/image-300x225.png 300w, https:\/\/hckadan.cz\/wp-content\/uploads\/2025\/10\/image-768x576.png 768w, https:\/\/hckadan.cz\/wp-content\/uploads\/2025\/10\/image-1536x1152.png 1536w, https:\/\/hckadan.cz\/wp-content\/uploads\/2025\/10\/image-128x96.png 128w, https:\/\/hckadan.cz\/wp-content\/uploads\/2025\/10\/image-32x24.png 32w, https:\/\/hckadan.cz\/wp-content\/uploads\/2025\/10\/image.png 1600w\" sizes=\"auto, (max-width: 1024px) 100vw, 1024px\" \/><\/figure>\n\n\n\n<h2 class=\"wp-block-heading\">Tren\u00e9\u0159i<\/h2>\n\n\n\n<div class=\"wp-block-columns is-layout-flex wp-container-core-columns-is-layout-9d6595d7 wp-block-columns-is-layout-flex\">\n<div class=\"wp-block-column is-layout-flow wp-block-column-is-layout-flow\" style=\"flex-basis:100%\">\n<figure class=\"wp-block-table\"><table><tbody><tr><td><strong>Jm\u00e9no<\/strong><\/td><td><strong>Funkce<\/strong><\/td><td><strong>Mail<\/strong><\/td><\/tr><tr><td>\u0160t\u011bp\u00e1n Lal\u00edk<\/td><td>tren\u00e9r<\/td><td>stepan.lalik@seznam.cz<\/td><\/tr><tr><td>Miroslav Novotn\u00fd<\/td><td>vedouc\u00ed t\u00fdmu<\/td><td>novotny@ktkadan.cz<\/td><\/tr><\/tbody><\/table><\/figure>\n\n\n\n<h2 class=\"wp-block-heading\">Hr\u00e1\u010di<\/h2>\n\n\n\n<h3 class=\"wp-block-heading\">Brank\u00e1\u0159i<\/h3>\n\n\n\n<figure class=\"wp-block-table\"><table><tbody><tr><td>1<\/td><td>Nikola Bare\u0161ov\u00e1<\/td><\/tr><tr><td>21<\/td><td>Anatolii Sheremet<\/td><\/tr><\/tbody><\/table><\/figure>\n\n\n\n<h3 class=\"wp-block-heading\">Obr\u00e1nci<\/h3>\n\n\n\n<figure class=\"wp-block-table\"><table><tbody><tr><td>2<\/td><td>Ba\u010do \u0160tefan<\/td><\/tr><tr><td>9<\/td><td>Roman Maku\u0148a<\/td><\/tr><tr><td>77<\/td><td>Eva Dvo\u0159\u00e1kov\u00e1<\/td><\/tr><\/tbody><\/table><\/figure>\n\n\n\n<h3 class=\"wp-block-heading\">\u00dato\u010dn\u00edci<\/h3>\n\n\n\n<figure class=\"wp-block-table\"><table><tbody><tr><td>4<\/td><td>Martin Pongo<\/td><\/tr><tr><td>5<\/td><td>Tom\u00e1\u0161 B\u011b\u017eel<\/td><\/tr><tr><td>7<\/td><td>Dominik Plz\u00e1k<\/td><\/tr><tr><td>10<\/td><td>Andrea Zsigov\u00e1<\/td><\/tr><tr><td>14<\/td><td>Mykhailo Sht\u00e9n<\/td><\/tr><\/tbody><\/table><\/figure>\n<\/div>\n<\/div>\n","protected":false},"excerpt":{"rendered":"<p>Tren\u00e9\u0159i Jm\u00e9no Funkce Mail \u0160t\u011bp\u00e1n Lal\u00edk tren\u00e9r stepan.lalik@seznam.cz Miroslav Novotn\u00fd vedouc\u00ed t\u00fdmu novotny@ktkadan.cz Hr\u00e1\u010di Brank\u00e1\u0159i [&hellip;]<\/p>\n","protected":false},"author":1,"featured_media":0,"parent":130,"menu_order":0,"comment_status":"closed","ping_status":"closed","template":"","meta":{"ngg_post_thumbnail":0,"footnotes":""},"class_list":["post-172","page","type-page","status-publish","hentry"],"_links":{"self":[{"href":"https:\/\/hckadan.cz\/index.php\/wp-json\/wp\/v2\/pages\/172","targetHints":{"allow":["GET"]}}],"collection":[{"href":"https:\/\/hckadan.cz\/index.php\/wp-json\/wp\/v2\/pages"}],"about":[{"href":"https:\/\/hckadan.cz\/index.php\/wp-json\/wp\/v2\/types\/page"}],"author":[{"embeddable":true,"href":"https:\/\/hckadan.cz\/index.php\/wp-json\/wp\/v2\/users\/1"}],"replies":[{"embeddable":true,"href":"https:\/\/hckadan.cz\/index.php\/wp-json\/wp\/v2\/comments?post=172"}],"version-history":[{"count":17,"href":"https:\/\/hckadan.cz\/index.php\/wp-json\/wp\/v2\/pages\/172\/revisions"}],"predecessor-version":[{"id":2062,"href":"https:\/\/hckadan.cz\/index.php\/wp-json\/wp\/v2\/pages\/172\/revisions\/2062"}],"up":[{"embeddable":true,"href":"https:\/\/hckadan.cz\/index.php\/wp-json\/wp\/v2\/pages\/130"}],"wp:attachment":[{"href":"https:\/\/hckadan.cz\/index.php\/wp-json\/wp\/v2\/media?parent=172"}],"curies":[{"name":"wp","href":"https:\/\/api.w.org\/{rel}","templated":true}]}}