{"id":2179,"date":"2026-02-13T20:03:17","date_gmt":"2026-02-13T19:03:17","guid":{"rendered":"https:\/\/hckadan.cz\/?page_id=2179"},"modified":"2026-02-13T20:05:28","modified_gmt":"2026-02-13T19:05:28","slug":"sin-slavy","status":"publish","type":"page","link":"https:\/\/hckadan.cz\/index.php\/sin-slavy\/","title":{"rendered":"S\u00ed\u0148 sl\u00e1vy"},"content":{"rendered":"\n<p class=\"has-larger-font-size\"><strong>2023\/2024    V\u00edt\u011bz I. ligy    HC Kada\u0148 <\/strong><\/p>\n\n\n\n<figure class=\"wp-block-image size-large\"><img loading=\"lazy\" decoding=\"async\" width=\"1024\" height=\"681\" src=\"https:\/\/hckadan.cz\/wp-content\/uploads\/2026\/02\/DSC_4287-1024x681.jpg\" alt=\"\" class=\"wp-image-2185\" srcset=\"https:\/\/hckadan.cz\/wp-content\/uploads\/2026\/02\/DSC_4287-1024x681.jpg 1024w, https:\/\/hckadan.cz\/wp-content\/uploads\/2026\/02\/DSC_4287-300x200.jpg 300w, https:\/\/hckadan.cz\/wp-content\/uploads\/2026\/02\/DSC_4287-768x511.jpg 768w, https:\/\/hckadan.cz\/wp-content\/uploads\/2026\/02\/DSC_4287-1536x1022.jpg 1536w, https:\/\/hckadan.cz\/wp-content\/uploads\/2026\/02\/DSC_4287-2048x1363.jpg 2048w, https:\/\/hckadan.cz\/wp-content\/uploads\/2026\/02\/DSC_4287-128x85.jpg 128w, https:\/\/hckadan.cz\/wp-content\/uploads\/2026\/02\/DSC_4287-32x21.jpg 32w\" sizes=\"auto, (max-width: 1024px) 100vw, 1024px\" \/><\/figure>\n","protected":false},"excerpt":{"rendered":"<p>2023\/2024 V\u00edt\u011bz I. ligy HC Kada\u0148<\/p>\n","protected":false},"author":1,"featured_media":0,"parent":0,"menu_order":0,"comment_status":"closed","ping_status":"closed","template":"","meta":{"ngg_post_thumbnail":0,"footnotes":""},"class_list":["post-2179","page","type-page","status-publish","hentry"],"_links":{"self":[{"href":"https:\/\/hckadan.cz\/index.php\/wp-json\/wp\/v2\/pages\/2179","targetHints":{"allow":["GET"]}}],"collection":[{"href":"https:\/\/hckadan.cz\/index.php\/wp-json\/wp\/v2\/pages"}],"about":[{"href":"https:\/\/hckadan.cz\/index.php\/wp-json\/wp\/v2\/types\/page"}],"author":[{"embeddable":true,"href":"https:\/\/hckadan.cz\/index.php\/wp-json\/wp\/v2\/users\/1"}],"replies":[{"embeddable":true,"href":"https:\/\/hckadan.cz\/index.php\/wp-json\/wp\/v2\/comments?post=2179"}],"version-history":[{"count":4,"href":"https:\/\/hckadan.cz\/index.php\/wp-json\/wp\/v2\/pages\/2179\/revisions"}],"predecessor-version":[{"id":2186,"href":"https:\/\/hckadan.cz\/index.php\/wp-json\/wp\/v2\/pages\/2179\/revisions\/2186"}],"wp:attachment":[{"href":"https:\/\/hckadan.cz\/index.php\/wp-json\/wp\/v2\/media?parent=2179"}],"curies":[{"name":"wp","href":"https:\/\/api.w.org\/{rel}","templated":true}]}}