{"id":343,"date":"2020-12-20T13:23:02","date_gmt":"2020-12-20T12:23:02","guid":{"rendered":"http:\/\/hckadan.42web.io\/?page_id=343"},"modified":"2020-12-20T13:23:02","modified_gmt":"2020-12-20T12:23:02","slug":"eticky-kodex","status":"publish","type":"page","link":"https:\/\/hckadan.cz\/index.php\/klub\/eticky-kodex\/","title":{"rendered":"Etick\u00fd kodex"},"content":{"rendered":"\n<ol class=\"wp-block-list\"><li>Ka\u017ed\u00fd \u010dlen klubu HC Kada\u0148 respektuje pravidla, hraje fair play a vyjad\u0159uje p\u0159\u00e1telstv\u00ed ke v\u0161em \u010dlen\u016fm klubu, rozhod\u010d\u00edm, partner\u016fm, rodi\u010d\u016fm i soupe\u0159\u016fm.<\/li><li>Jsme jeden klub, vz\u00e1jemn\u011b se podporujeme a spolupracujeme.<\/li><li>\u00dakoly a povinnosti pln\u00edme zodpov\u011bdn\u011b a efektivn\u011b s psan\u00fdmi i nepsan\u00fdmi pravidly, aby \u010dlenov\u00e9, partne\u0159i a fanou\u0161ci mohli b\u00fdt na klub hrd\u00ed.<\/li><li>O z\u00e1zem\u00ed klubu pe\u010dujeme a sna\u017e\u00edme se ho zlep\u0161it. <\/li><li>Db\u00e1me o sv\u00e9 zdrav\u00ed a \u017eivotospr\u00e1vu.<\/li><li>P\u0159\u00edpadn\u00e9 neshody \u0159e\u0161\u00edme s hr\u00e1\u010di, rodi\u010di, tren\u00e9ry \u010di klubov\u00fdm veden\u00edm.<\/li><li>Jako klub lp\u00edme na vzd\u011bl\u00e1v\u00e1n\u00ed tren\u00e9r\u016f. Ka\u017ed\u00fd tren\u00e9r m\u00e1 odpov\u00eddaj\u00edc\u00ed tren\u00e9rskou t\u0159\u00eddu s mo\u017enost\u00ed dal\u0161\u00edho rozvoje.<\/li><li>Ka\u017ed\u00fd \u010dlen klubu bude p\u0159\u00e1telskou a r\u016fstovou v\u00fdchovou veden k tomu st\u00e1t se platn\u00fdm \u010dlenem klubu.<\/li><li>Uzn\u00e1v\u00e1me hodnoty hokejov\u00e9 rodiny.<\/li><\/ol>\n","protected":false},"excerpt":{"rendered":"<p>Ka\u017ed\u00fd \u010dlen klubu HC Kada\u0148 respektuje pravidla, hraje fair play a vyjad\u0159uje p\u0159\u00e1telstv\u00ed ke v\u0161em [&hellip;]<\/p>\n","protected":false},"author":1,"featured_media":0,"parent":341,"menu_order":0,"comment_status":"closed","ping_status":"closed","template":"","meta":{"ngg_post_thumbnail":0,"footnotes":""},"class_list":["post-343","page","type-page","status-publish","hentry"],"_links":{"self":[{"href":"https:\/\/hckadan.cz\/index.php\/wp-json\/wp\/v2\/pages\/343","targetHints":{"allow":["GET"]}}],"collection":[{"href":"https:\/\/hckadan.cz\/index.php\/wp-json\/wp\/v2\/pages"}],"about":[{"href":"https:\/\/hckadan.cz\/index.php\/wp-json\/wp\/v2\/types\/page"}],"author":[{"embeddable":true,"href":"https:\/\/hckadan.cz\/index.php\/wp-json\/wp\/v2\/users\/1"}],"replies":[{"embeddable":true,"href":"https:\/\/hckadan.cz\/index.php\/wp-json\/wp\/v2\/comments?post=343"}],"version-history":[{"count":0,"href":"https:\/\/hckadan.cz\/index.php\/wp-json\/wp\/v2\/pages\/343\/revisions"}],"up":[{"embeddable":true,"href":"https:\/\/hckadan.cz\/index.php\/wp-json\/wp\/v2\/pages\/341"}],"wp:attachment":[{"href":"https:\/\/hckadan.cz\/index.php\/wp-json\/wp\/v2\/media?parent=343"}],"curies":[{"name":"wp","href":"https:\/\/api.w.org\/{rel}","templated":true}]}}