{"id":345,"date":"2020-12-20T13:23:20","date_gmt":"2020-12-20T12:23:20","guid":{"rendered":"http:\/\/hckadan.42web.io\/?page_id=345"},"modified":"2020-12-20T13:23:20","modified_gmt":"2020-12-20T12:23:20","slug":"vize-klubu","status":"publish","type":"page","link":"https:\/\/hckadan.cz\/index.php\/klub\/vize-klubu\/","title":{"rendered":"Vize klubu"},"content":{"rendered":"\n<p>Vize klubu je dlouhodob\u00fd pl\u00e1n rozvoje klubu HC Kada\u0148 1957. Jedn\u00edm z na\u0161ich prim\u00e1rn\u00edch c\u00edl\u016f je t\u00e9to vize dos\u00e1hnout.<\/p>\n\n\n\n<ul class=\"wp-block-list\"><li><strong>Z\u00e1zem\u00ed<\/strong> &#8211; vytvo\u0159en\u00ed optim\u00e1ln\u00edho z\u00e1zem\u00ed pro v\u0161echny \u010dleny (h\u0159i\u0161t\u011b, pom\u016fcky k tr\u00e9ninku, klubovna, posilovna, koutek pro d\u011bti)<\/li><li><strong>Finance<\/strong> &#8211; \u017e\u00e1dost o ka\u017edoro\u010dn\u00ed dotaci M\u016fj klub<\/li><li><strong>T\u00fdmy a hr\u00e1\u010di<\/strong> &#8211; zv\u00fd\u0161it hr\u00e1\u010dskou z\u00e1kladnu a po\u010det mu\u017estev, zlep\u0161it kvalitu r\u016fstu a dovednosti hr\u00e1\u010d\u016f<\/li><li><strong>Spolupr\u00e1ce<\/strong> &#8211; spolupr\u00e1ce klubu se \u0161kolami (1.Z\u0160 Kada\u0148, Z\u0160 Spo\u0159ice, soust\u0159ed\u011bn\u00ed, p\u0159\u00edm\u011bstsk\u00fd t\u00e1bor)<\/li><li><strong>N\u00e1borov\u00e9 na propaga\u010dn\u00ed akce<\/strong> &#8211; uk\u00e1zkov\u00e9 a n\u00e1borov\u00e9 akce ve \u0161kol\u00e1ch (1.Z\u0160 Kada\u0148, 2.Z\u0160 Kada\u0148, Z\u0160 Spo\u0159ice)<\/li><li><strong>Podporovan\u00fd sport<\/strong> &#8211; klub byl vybr\u00e1n do skupiny m\u011bstem  podporovan\u00fdch sport\u016f (tenis, hokej, fotbal, florbal). \u00da\u010dast na Plese sportovc\u016f.<\/li><li><strong>Tren\u00e9\u0159i<\/strong> &#8211; ka\u017ed\u00e1 kategorie m\u00e1 dva vy\u0161kolen\u00e9 tren\u00e9ry s odpov\u00eddaj\u00edc\u00ed tren\u00e9rskou t\u0159\u00eddou. Dvakr\u00e1t do roka po\u0159\u00e1dat \u0161kolen\u00ed s hlavn\u00edm tren\u00e9rem a \u00fa\u010dastnit se \u0161kolen\u00ed \u010cSPH.<\/li><li><strong>Doprava<\/strong> &#8211; hr\u00e1\u010di se dopravuj\u00ed na utk\u00e1n\u00ed minibusem \u010di vyu\u017eij\u00ed dopravu vlastn\u00edmi vozidly<\/li><li><strong>Dal\u0161\u00ed aktivity<\/strong> &#8211; \u00faklid m\u011bsta, Mikul\u00e1\u0161, p\u0159\u00edm\u011bstsk\u00fd t\u00e1bor, klubov\u00e9 grilov\u00e1n\u00ed, rozlu\u010dka se sez\u00f3nou<\/li><li><strong>Organiza\u010dn\u00ed struktura<\/strong> &#8211; efektivn\u00ed propojen\u00ed veden\u00ed klubu s tren\u00e9ry, hr\u00e1\u010di, rodi\u010di, fanou\u0161ky a partnery. Obsazen\u00ed v\u0161ech organiza\u010dn\u00edch pozic klubu. <\/li><li><strong>Sportovn\u00ed p\u0159\u00edprava<\/strong> &#8211; klub podporuje metodiku svazu \u010cSPH<\/li><\/ul>\n","protected":false},"excerpt":{"rendered":"<p>Vize klubu je dlouhodob\u00fd pl\u00e1n rozvoje klubu HC Kada\u0148 1957. Jedn\u00edm z na\u0161ich prim\u00e1rn\u00edch c\u00edl\u016f [&hellip;]<\/p>\n","protected":false},"author":1,"featured_media":0,"parent":341,"menu_order":0,"comment_status":"closed","ping_status":"closed","template":"","meta":{"ngg_post_thumbnail":0,"footnotes":""},"class_list":["post-345","page","type-page","status-publish","hentry"],"_links":{"self":[{"href":"https:\/\/hckadan.cz\/index.php\/wp-json\/wp\/v2\/pages\/345","targetHints":{"allow":["GET"]}}],"collection":[{"href":"https:\/\/hckadan.cz\/index.php\/wp-json\/wp\/v2\/pages"}],"about":[{"href":"https:\/\/hckadan.cz\/index.php\/wp-json\/wp\/v2\/types\/page"}],"author":[{"embeddable":true,"href":"https:\/\/hckadan.cz\/index.php\/wp-json\/wp\/v2\/users\/1"}],"replies":[{"embeddable":true,"href":"https:\/\/hckadan.cz\/index.php\/wp-json\/wp\/v2\/comments?post=345"}],"version-history":[{"count":0,"href":"https:\/\/hckadan.cz\/index.php\/wp-json\/wp\/v2\/pages\/345\/revisions"}],"up":[{"embeddable":true,"href":"https:\/\/hckadan.cz\/index.php\/wp-json\/wp\/v2\/pages\/341"}],"wp:attachment":[{"href":"https:\/\/hckadan.cz\/index.php\/wp-json\/wp\/v2\/media?parent=345"}],"curies":[{"name":"wp","href":"https:\/\/api.w.org\/{rel}","templated":true}]}}