{"id":347,"date":"2020-12-20T13:23:37","date_gmt":"2020-12-20T12:23:37","guid":{"rendered":"http:\/\/hckadan.42web.io\/?page_id=347"},"modified":"2022-03-28T21:14:01","modified_gmt":"2022-03-28T19:14:01","slug":"sportovni-koncepce","status":"publish","type":"page","link":"https:\/\/hckadan.cz\/index.php\/klub\/sportovni-koncepce\/","title":{"rendered":"Sportovn\u00ed koncepce"},"content":{"rendered":"\n<p>Sportovn\u00ed koncepce je pl\u00e1n rozvoje klubu HC Kada\u0148 1957 pro sez\u00f3nu 2021 a 2022. Obsahuje kr\u00e1tkodob\u00e9 c\u00edle klubu. <\/p>\n\n\n\n<ul class=\"wp-block-list\"><li>zv\u011bt\u0161en\u00ed z\u00e1kladny<\/li><li>roz\u0161\u00ed\u0159en\u00ed kategori\u00ed<\/li><li>v\u00fdchova hr\u00e1\u010d\u016f s kladn\u00fdm vztahem ke klubu a hokeji<\/li><li>funguj\u00edc\u00ed, zabezpe\u010den\u00fd klub s vy\u0161\u0161\u00edmi sportovn\u00edmi c\u00edli<\/li><li>zlep\u0161en\u00ed komunikace s \u010dleny a fanou\u0161ky klubu (soci\u00e1ln\u00ed m\u00e9dia, web a dal\u0161\u00ed komunika\u010dn\u00ed kan\u00e1ly)<\/li><\/ul>\n\n\n\n<p><\/p>\n\n\n\n<p style=\"font-size:37px\"><strong>Metodika<\/strong><\/p>\n\n\n\n<p>\u0160kolen\u00ed tren\u00e9r\u016f v kooperaci se svazem a jejich rozvoj   <\/p>\n\n\n\n<p> <blockquote class=\"wp-embedded-content\" data-secret=\"1lZbp64HNn\"><a href=\"https:\/\/www.pozemnihokej.cz\/2022\/03\/10\/hokejova-akademie-chysta-na-brezen-skoleni-treneru-junior\/\">Hokejov\u00e1 akademie chyst\u00e1 na b\u0159ezen \u0161kolen\u00ed tren\u00e9r\u016f Junior!<\/a><\/blockquote><iframe loading=\"lazy\" class=\"wp-embedded-content\" sandbox=\"allow-scripts\" security=\"restricted\" style=\"position: absolute; visibility: hidden;\" title=\"&#8222;Hokejov\u00e1 akademie chyst\u00e1 na b\u0159ezen \u0161kolen\u00ed tren\u00e9r\u016f Junior!&#8220; &#8212; Pozemn\u00ed Hokej\" src=\"https:\/\/www.pozemnihokej.cz\/2022\/03\/10\/hokejova-akademie-chysta-na-brezen-skoleni-treneru-junior\/embed\/#?secret=PJJmpr02cx#?secret=1lZbp64HNn\" data-secret=\"1lZbp64HNn\" width=\"600\" height=\"338\" frameborder=\"0\" marginwidth=\"0\" marginheight=\"0\" scrolling=\"no\"><\/iframe><\/p>\n\n\n\n<p>Metodika Horsta Weina     https:\/\/www.pozemnihokej.cz\/download\/Wein%20final%20%C4%8CSPH%202012.pdf<\/p>\n\n\n\n<p><\/p>\n","protected":false},"excerpt":{"rendered":"<p>Sportovn\u00ed koncepce je pl\u00e1n rozvoje klubu HC Kada\u0148 1957 pro sez\u00f3nu 2021 a 2022. Obsahuje [&hellip;]<\/p>\n","protected":false},"author":1,"featured_media":0,"parent":341,"menu_order":0,"comment_status":"closed","ping_status":"closed","template":"","meta":{"ngg_post_thumbnail":0,"footnotes":""},"class_list":["post-347","page","type-page","status-publish","hentry"],"_links":{"self":[{"href":"https:\/\/hckadan.cz\/index.php\/wp-json\/wp\/v2\/pages\/347","targetHints":{"allow":["GET"]}}],"collection":[{"href":"https:\/\/hckadan.cz\/index.php\/wp-json\/wp\/v2\/pages"}],"about":[{"href":"https:\/\/hckadan.cz\/index.php\/wp-json\/wp\/v2\/types\/page"}],"author":[{"embeddable":true,"href":"https:\/\/hckadan.cz\/index.php\/wp-json\/wp\/v2\/users\/1"}],"replies":[{"embeddable":true,"href":"https:\/\/hckadan.cz\/index.php\/wp-json\/wp\/v2\/comments?post=347"}],"version-history":[{"count":1,"href":"https:\/\/hckadan.cz\/index.php\/wp-json\/wp\/v2\/pages\/347\/revisions"}],"predecessor-version":[{"id":685,"href":"https:\/\/hckadan.cz\/index.php\/wp-json\/wp\/v2\/pages\/347\/revisions\/685"}],"up":[{"embeddable":true,"href":"https:\/\/hckadan.cz\/index.php\/wp-json\/wp\/v2\/pages\/341"}],"wp:attachment":[{"href":"https:\/\/hckadan.cz\/index.php\/wp-json\/wp\/v2\/media?parent=347"}],"curies":[{"name":"wp","href":"https:\/\/api.w.org\/{rel}","templated":true}]}}