{"id":364,"date":"2020-12-20T14:34:56","date_gmt":"2020-12-20T13:34:56","guid":{"rendered":"http:\/\/hckadan.42web.io\/?page_id=364"},"modified":"2025-11-04T15:40:40","modified_gmt":"2025-11-04T14:40:40","slug":"kontakt","status":"publish","type":"page","link":"https:\/\/hckadan.cz\/index.php\/kontakt\/","title":{"rendered":"Kontakt"},"content":{"rendered":"\n<p class=\"has-medium-font-size\"><strong>Sportovn\u00ed klub HOCKEY CLUB Kada\u0148<\/strong>, z.s.<\/p>\n\n\n\n<h4 class=\"wp-block-heading has-normal-font-size\">ADRESA: U Stadionu 1980 43201 Kada\u0148<\/h4>\n\n\n\n<h4 class=\"wp-block-heading has-normal-font-size\">I\u010cO: 43226001                        <\/h4>\n\n\n\n<h4 class=\"wp-block-heading has-normal-font-size\">bankovn\u00ed \u00fa\u010det: 273107639\/0600<\/h4>\n\n\n\n<p><\/p>\n\n\n\n<figure class=\"wp-block-table\"><table><thead><tr><th class=\"has-text-align-left\" data-align=\"left\">Veden\u00ed klubu HC Kada\u0148<\/th><th class=\"has-text-align-left\" data-align=\"left\"><\/th><th><\/th><\/tr><\/thead><tbody><tr><td class=\"has-text-align-left\" data-align=\"left\">P\u0159edseda klubu HC Kada\u0148<\/td><td class=\"has-text-align-left\" data-align=\"left\">Miroslav Novotn\u00fd<\/td><td>novotny@ktkadan.cz<\/td><\/tr><tr><td class=\"has-text-align-left\" data-align=\"left\">M\u00edstop\u0159edseda klubu HC Kada\u0148<\/td><td class=\"has-text-align-left\" data-align=\"left\">V\u00e1clav Soukup<\/td><td>soukup@ktkadan.cz<\/td><\/tr><tr><td class=\"has-text-align-left\" data-align=\"left\">\u010clen v\u00fdkonn\u00e9ho v\u00fdboru HC Kada\u0148<\/td><td class=\"has-text-align-left\" data-align=\"left\">Mgr. Martin V\u00edzek<\/td><td><\/td><\/tr><\/tbody><\/table><\/figure>\n\n\n\n<figure class=\"wp-block-table is-style-regular\"><table class=\"has-background has-fixed-layout\" style=\"background-color:#e7f5fe\"><thead><tr><th class=\"has-text-align-left\" data-align=\"left\"> <img loading=\"lazy\" decoding=\"async\" width=\"20\" height=\"13\" class=\"wp-image-739\" style=\"width: 20px;\" src=\"http:\/\/hckadan.cz\/wp-content\/uploads\/2022\/05\/unnamed-kopie.gif\" alt=\"\">    MU\u017dI  A-t\u00fdm<\/th><th>funkce<\/th><th>email<\/th><\/tr><\/thead><tbody><tr><td class=\"has-text-align-left\" data-align=\"left\">Radek Podmanick\u00fd<\/td><td>tren\u00e9r<\/td><td><\/td><\/tr><tr><td class=\"has-text-align-left\" data-align=\"left\">Miroslav Novotn\u00fd<\/td><td>tren\u00e9r<\/td><td>novotny@ktkadan.cz<\/td><\/tr><\/tbody><\/table><\/figure>\n\n\n\n<figure class=\"wp-block-table is-style-regular\"><table class=\"has-fixed-layout\"><thead><tr><th class=\"has-text-align-left\" data-align=\"left\"><img decoding=\"async\" src=\"http:\/\/hckadan.cz\/wp-content\/uploads\/2022\/05\/unnamed-kopie.gif\" style=\"width: 20px;\" alt=\"\">   \u017dENY  A-t\u00fdm<\/th><th>funkce <\/th><th>email<\/th><\/tr><\/thead><tbody><tr><td class=\"has-text-align-left\" data-align=\"left\">V\u00e1clav Soukup<\/td><td>tren\u00e9r<\/td><td>soukup@ktkadan.cz<\/td><\/tr><tr><td class=\"has-text-align-left\" data-align=\"left\">Miroslav Novotn\u00fd<\/td><td>tren\u00e9r<\/td><td>novotny@ktkadan.cz<\/td><\/tr><\/tbody><\/table><\/figure>\n\n\n\n<figure class=\"wp-block-table is-style-regular\"><table class=\"has-background has-fixed-layout\" style=\"background-color:#e7f5fe\"><thead><tr><th class=\"has-text-align-left\" data-align=\"left\"><img decoding=\"async\" src=\"http:\/\/hckadan.cz\/wp-content\/uploads\/2022\/05\/unnamed-kopie.gif\" alt=\"\" style=\"width: 20px;\">  DOROSTENCI<\/th><th>funkce<\/th><th>email<\/th><\/tr><\/thead><tbody><tr><td class=\"has-text-align-left\" data-align=\"left\">Ond\u0159ej Linhart<\/td><td>tren\u00e9r<\/td><td>linkart.o@seznam.cz<\/td><\/tr><tr><td class=\"has-text-align-left\" data-align=\"left\">Petr Posp\u00ed\u0161il<\/td><td>tren\u00e9r<\/td><td>pospisilpetr696@gmail.com<\/td><\/tr><tr><td class=\"has-text-align-left\" data-align=\"left\">Miroslav Novotn\u00fd<\/td><td>tren\u00e9r<\/td><td>novotny@ktkadan.cz<\/td><\/tr><\/tbody><\/table><\/figure>\n\n\n\n<figure class=\"wp-block-table is-style-regular\"><table class=\"has-fixed-layout\"><thead><tr><th class=\"has-text-align-left\" data-align=\"left\"><img decoding=\"async\" src=\"http:\/\/hckadan.cz\/wp-content\/uploads\/2022\/05\/unnamed-kopie.gif\" alt=\"\" style=\"width: 20px;\">  STAR\u0160\u00cd \u017d\u00c1CI<\/th><th>funkce<\/th><th>email<\/th><\/tr><\/thead><tbody><tr><td class=\"has-text-align-left\" data-align=\"left\">Jaroslav B\u011b\u017eel<\/td><td>tren\u00e9r<\/td><td>bezilek@seznam.cz<\/td><\/tr><tr><td class=\"has-text-align-left\" data-align=\"left\">Jaroslav B\u011b\u017eel ml.<\/td><td>tren\u00e9r<\/td><td>jaroslav.bezel@outlook.cz<\/td><\/tr><tr><td class=\"has-text-align-left\" data-align=\"left\">Miroslav Novotn\u00fd<\/td><td>vedouc\u00ed t\u00fdmu<\/td><td>novotny@ktkadan.cz<\/td><\/tr><\/tbody><\/table><\/figure>\n\n\n\n<figure class=\"wp-block-table\"><table class=\"has-background has-fixed-layout\" style=\"background-color:#e7f5fe\"><thead><tr><th class=\"has-text-align-left\" data-align=\"left\"><img decoding=\"async\" src=\"http:\/\/hckadan.cz\/wp-content\/uploads\/2022\/05\/unnamed-kopie.gif\" alt=\"\" style=\"width: 20px;\">  MLAD\u0160\u00cd \u017d\u00c1CI<\/th><th>funkce<\/th><th>email <\/th><\/tr><\/thead><tbody><tr><td class=\"has-text-align-left\" data-align=\"left\">\u0160t\u011bp\u00e1n Lal\u00edk<\/td><td>tren\u00e9r<\/td><td>stepan.lalik@seznam.cz<\/td><\/tr><tr><td class=\"has-text-align-left\" data-align=\"left\">Miroslav Novotn\u00fd<\/td><td>vedouc\u00ed t\u00fdmu<\/td><td>novotny@ktkadan.cz<\/td><\/tr><\/tbody><\/table><\/figure>\n\n\n\n<figure class=\"wp-block-table\"><table class=\"has-fixed-layout\"><thead><tr><th class=\"has-text-align-left\" data-align=\"left\"><img decoding=\"async\" src=\"http:\/\/hckadan.cz\/wp-content\/uploads\/2022\/05\/unnamed-kopie.gif\" alt=\"\" style=\"width: 20px;\"> P\u0158\u00cdPRAVKA<\/th><th>funkce<\/th><th>email<\/th><\/tr><\/thead><tbody><tr><td class=\"has-text-align-left\" data-align=\"left\">Veronika Hrub\u00e1<\/td><td>tren\u00e9r<\/td><td>hruba.veronika7@seznam.cz<\/td><\/tr><tr><td class=\"has-text-align-left\" data-align=\"left\">Barbora Brand\u00fdsov\u00e1<\/td><td>tren\u00e9r<\/td><td><\/td><\/tr><\/tbody><\/table><\/figure>\n\n\n\n<figure class=\"wp-block-table\"><table class=\"has-background has-fixed-layout\" style=\"background-color:#e7f5fe\"><thead><tr><th class=\"has-text-align-left\" data-align=\"left\"><img decoding=\"async\" src=\"http:\/\/hckadan.cz\/wp-content\/uploads\/2022\/05\/unnamed-kopie.gif\" alt=\"\" style=\"width: 20px;\">  BENJAM\u00cdNCI<\/th><th>funkce<\/th><th>email<\/th><\/tr><\/thead><tbody><tr><td class=\"has-text-align-left\" data-align=\"left\">Petr Posp\u00ed\u0161il<\/td><td>tren\u00e9r<\/td><td>pospisilpetr696@gmail.com<\/td><\/tr><tr><td class=\"has-text-align-left\" data-align=\"left\">Lenka Posp\u00ed\u0161ilov\u00e1<\/td><td>tren\u00e9r<\/td><td>lenka.pospisilova2331@seznam.cz<\/td><\/tr><\/tbody><\/table><\/figure>\n\n\n\n<figure class=\"wp-block-table\"><table class=\"has-fixed-layout\"><thead><tr><th class=\"has-text-align-left\" data-align=\"left\">\u0160KOLN\u00cd KROU\u017dKY<\/th><th><\/th><th><\/th><\/tr><\/thead><tbody><tr><td class=\"has-text-align-left\" data-align=\"left\">Kate\u0159ina Bu\u0148atov\u00e1<\/td><td>tren\u00e9r<\/td><td><\/td><\/tr><tr><td class=\"has-text-align-left\" data-align=\"left\">V\u00e1clav Soukup<\/td><td>hlavn\u00ed tren\u00e9r ml\u00e1de\u017ee<\/td><td>soukup@ktkadan.cz<\/td><\/tr><\/tbody><\/table><\/figure>\n\n\n\n<p><\/p>\n","protected":false},"excerpt":{"rendered":"<p>Sportovn\u00ed klub HOCKEY CLUB Kada\u0148, z.s. ADRESA: U Stadionu 1980 43201 Kada\u0148 I\u010cO: 43226001 bankovn\u00ed [&hellip;]<\/p>\n","protected":false},"author":1,"featured_media":0,"parent":0,"menu_order":0,"comment_status":"closed","ping_status":"closed","template":"","meta":{"ngg_post_thumbnail":0,"footnotes":""},"class_list":["post-364","page","type-page","status-publish","hentry"],"_links":{"self":[{"href":"https:\/\/hckadan.cz\/index.php\/wp-json\/wp\/v2\/pages\/364","targetHints":{"allow":["GET"]}}],"collection":[{"href":"https:\/\/hckadan.cz\/index.php\/wp-json\/wp\/v2\/pages"}],"about":[{"href":"https:\/\/hckadan.cz\/index.php\/wp-json\/wp\/v2\/types\/page"}],"author":[{"embeddable":true,"href":"https:\/\/hckadan.cz\/index.php\/wp-json\/wp\/v2\/users\/1"}],"replies":[{"embeddable":true,"href":"https:\/\/hckadan.cz\/index.php\/wp-json\/wp\/v2\/comments?post=364"}],"version-history":[{"count":32,"href":"https:\/\/hckadan.cz\/index.php\/wp-json\/wp\/v2\/pages\/364\/revisions"}],"predecessor-version":[{"id":2094,"href":"https:\/\/hckadan.cz\/index.php\/wp-json\/wp\/v2\/pages\/364\/revisions\/2094"}],"wp:attachment":[{"href":"https:\/\/hckadan.cz\/index.php\/wp-json\/wp\/v2\/media?parent=364"}],"curies":[{"name":"wp","href":"https:\/\/api.w.org\/{rel}","templated":true}]}}