{"id":612,"date":"2021-02-11T18:00:33","date_gmt":"2021-02-11T17:00:33","guid":{"rendered":"http:\/\/hckadan.cz\/?page_id=612"},"modified":"2021-02-11T19:04:47","modified_gmt":"2021-02-11T18:04:47","slug":"historie","status":"publish","type":"page","link":"https:\/\/hckadan.cz\/index.php\/klub\/historie\/","title":{"rendered":"Historie"},"content":{"rendered":"\n<p>Sportovn\u00ed klub HC Kada\u0148 byl zalo\u017een v roce 1957 zakladatelem Emilem Z\u00e1vodn\u00fdm. Klub se postupn\u011b vyv\u00edjel s bandy hokeje, kter\u00fd se hr\u00e1l na mal\u00e9m h\u0159i\u0161ti s bedn\u011bn\u00edm okolo za Kaol\u00ednkou. V n\u00e1sleduj\u00edc\u00edch letech se klub p\u0159esunul na \u0161kv\u00e1rov\u00e9 h\u0159i\u0161t\u011b, na kter\u00e9m stoj\u00ed nov\u00fd are\u00e1l Emila Z\u00e1vodn\u00e9ho. V obdob\u00ed 60 a 70. let za klub hr\u00e1lo n\u011bkolik voj\u00e1k\u016f, kte\u0159\u00ed slou\u017eili vojenskou slu\u017ebu v Kada\u0148sk\u00fdch kas\u00e1rn\u00e1ch. V 80 a 90. letech se h\u0159i\u0161t\u011b prom\u011bnilo povrchem nejd\u0159\u00edve antuka, kter\u00e1 napomohla k v\u00fdchov\u011b nov\u00e9 generaci hr\u00e1\u010d\u016f, kter\u00e1 ud\u011blala v\u00fdraznou stopu nejen klubovou, ale i reprezenta\u010dn\u00ed. Dorostenci se stali v roce 1986 mistry republiky jak v halov\u00e9m tak v pozemn\u00edm hokeji. D\u016fle\u017eit\u00e9 bylo tak\u00e9 roz\u0161\u00ed\u0159en\u00ed t\u00fdm\u016f o \u017eensk\u00e9 t\u00fdmy. V klubu se jim v\u011bnoval Napoleon Hrnko (Polda). Mu\u017esk\u00e9 a \u017eensk\u00e9 slo\u017ece se v\u011bnoval tak\u00e9 V\u00e1clav Soukup a s Emilem Z\u00e1vodn\u00fdm vychoval zaj\u00edmavou generaci hr\u00e1\u010dek, s kter\u00fdmi se z\u00fa\u010dastnil sout\u011b\u017e\u00ed a zahrani\u010dn\u00edch turnaj\u016f, \u010di soust\u0159ed\u011bn\u00ed v Jesenici. Mu\u017ei v n\u00e1sleduj\u00edc\u00edch letech hr\u00e1li v\u00edcekr\u00e1t o titul v halov\u00e9m hokeji a z\u00edskali st\u0159\u00edbrn\u00e9 medaile. V roce 2000 se op\u011bt m\u011bnil povrch v p\u0159\u00edrodn\u00ed tr\u00e1vu. D\u00edky n\u011bmu se Kada\u0148sk\u00fd hokej dr\u017eel n\u011bkolik let v extralize a po sestupu v 1. lize.  Klub se vyv\u00edjel a d\u00e1le vychoval zaj\u00edmav\u00e9 hr\u00e1\u010de i pro reprezentaci, kte\u0159\u00ed si zahr\u00e1li v p\u0159edn\u00edch zahrani\u010dn\u00edch t\u00fdmech. V roce 2020 se sen stal realitou a po p\u011btilet\u00e9m sna\u017een\u00ed se op\u011bt m\u011bnil povrch tentokr\u00e1t na ten um\u011bl\u00fd tr\u00e1vn\u00edk nejlep\u0161\u00ed pro pozemn\u00ed hokej, kter\u00fd d\u00e1v\u00e1 velkou \u0161anci nov\u00e9 generaci hr\u00e1\u010d\u016f.<\/p>\n\n\n\n<!-- default-view.php -->\n<div\n\tclass=\"ngg-galleryoverview default-view \"\n\tid=\"ngg-gallery-cc2e783acfe0bafe4187c05dcf92a06a-1\">\n\n\t\t<!-- Thumbnails -->\n\t\t\t\t<div id=\"ngg-image-0\" class=\"ngg-gallery-thumbnail-box ngg-3-columns\" >\n\t\t\t\t        <div class=\"ngg-gallery-thumbnail\">\n            <a href=\"https:\/\/hckadan.cz\/wp-content\/gallery\/klub\/FB_IMG_1608795718856.jpg\"\n               title=\"\"\n               data-src=\"https:\/\/hckadan.cz\/wp-content\/gallery\/klub\/FB_IMG_1608795718856.jpg\"\n               data-thumbnail=\"https:\/\/hckadan.cz\/wp-content\/gallery\/klub\/thumbs\/thumbs_FB_IMG_1608795718856.jpg\"\n               data-image-id=\"36\"\n               data-title=\"FB_IMG_1608795718856\"\n               data-description=\"\"\n               data-image-slug=\"fb_img_1608795718856\"\n               class=\"ngg-simplelightbox\" rel=\"cc2e783acfe0bafe4187c05dcf92a06a\">\n                <img\n                    title=\"FB_IMG_1608795718856\"\n                    alt=\"FB_IMG_1608795718856\"\n                    src=\"https:\/\/hckadan.cz\/wp-content\/gallery\/klub\/thumbs\/thumbs_FB_IMG_1608795718856.jpg\"\n                    width=\"240\"\n                    height=\"160\"\n                    style=\"max-width:100%;\"\n                \/>\n            <\/a>\n        <\/div>\n\t\t\t\t\t\t\t<\/div> \n\t\t\t\n\t\t\t\t<div id=\"ngg-image-1\" class=\"ngg-gallery-thumbnail-box ngg-3-columns\" >\n\t\t\t\t        <div class=\"ngg-gallery-thumbnail\">\n            <a href=\"https:\/\/hckadan.cz\/wp-content\/gallery\/klub\/FB_IMG_1608795712957.jpg\"\n               title=\"\"\n               data-src=\"https:\/\/hckadan.cz\/wp-content\/gallery\/klub\/FB_IMG_1608795712957.jpg\"\n               data-thumbnail=\"https:\/\/hckadan.cz\/wp-content\/gallery\/klub\/thumbs\/thumbs_FB_IMG_1608795712957.jpg\"\n               data-image-id=\"37\"\n               data-title=\"FB_IMG_1608795712957\"\n               data-description=\"\"\n               data-image-slug=\"fb_img_1608795712957\"\n               class=\"ngg-simplelightbox\" rel=\"cc2e783acfe0bafe4187c05dcf92a06a\">\n                <img\n                    title=\"FB_IMG_1608795712957\"\n                    alt=\"FB_IMG_1608795712957\"\n                    src=\"https:\/\/hckadan.cz\/wp-content\/gallery\/klub\/thumbs\/thumbs_FB_IMG_1608795712957.jpg\"\n                    width=\"240\"\n                    height=\"160\"\n                    style=\"max-width:100%;\"\n                \/>\n            <\/a>\n        <\/div>\n\t\t\t\t\t\t\t<\/div> \n\t\t\t\n\t\t\t\t<div id=\"ngg-image-2\" class=\"ngg-gallery-thumbnail-box ngg-3-columns\" >\n\t\t\t\t        <div class=\"ngg-gallery-thumbnail\">\n            <a href=\"https:\/\/hckadan.cz\/wp-content\/gallery\/klub\/FB_IMG_1608795743438.jpg\"\n               title=\"\"\n               data-src=\"https:\/\/hckadan.cz\/wp-content\/gallery\/klub\/FB_IMG_1608795743438.jpg\"\n               data-thumbnail=\"https:\/\/hckadan.cz\/wp-content\/gallery\/klub\/thumbs\/thumbs_FB_IMG_1608795743438.jpg\"\n               data-image-id=\"38\"\n               data-title=\"FB_IMG_1608795743438\"\n               data-description=\"\"\n               data-image-slug=\"fb_img_1608795743438\"\n               class=\"ngg-simplelightbox\" rel=\"cc2e783acfe0bafe4187c05dcf92a06a\">\n                <img\n                    title=\"FB_IMG_1608795743438\"\n                    alt=\"FB_IMG_1608795743438\"\n                    src=\"https:\/\/hckadan.cz\/wp-content\/gallery\/klub\/thumbs\/thumbs_FB_IMG_1608795743438.jpg\"\n                    width=\"240\"\n                    height=\"160\"\n                    style=\"max-width:100%;\"\n                \/>\n            <\/a>\n        <\/div>\n\t\t\t\t\t\t\t<\/div> \n\t\t\t\n\t\t\t\t<div id=\"ngg-image-3\" class=\"ngg-gallery-thumbnail-box ngg-3-columns\" >\n\t\t\t\t        <div class=\"ngg-gallery-thumbnail\">\n            <a href=\"https:\/\/hckadan.cz\/wp-content\/gallery\/klub\/FB_IMG_1608795786417.jpg\"\n               title=\"\"\n               data-src=\"https:\/\/hckadan.cz\/wp-content\/gallery\/klub\/FB_IMG_1608795786417.jpg\"\n               data-thumbnail=\"https:\/\/hckadan.cz\/wp-content\/gallery\/klub\/thumbs\/thumbs_FB_IMG_1608795786417.jpg\"\n               data-image-id=\"34\"\n               data-title=\"FB_IMG_1608795786417\"\n               data-description=\"\"\n               data-image-slug=\"fb_img_1608795786417\"\n               class=\"ngg-simplelightbox\" rel=\"cc2e783acfe0bafe4187c05dcf92a06a\">\n                <img\n                    title=\"FB_IMG_1608795786417\"\n                    alt=\"FB_IMG_1608795786417\"\n                    src=\"https:\/\/hckadan.cz\/wp-content\/gallery\/klub\/thumbs\/thumbs_FB_IMG_1608795786417.jpg\"\n                    width=\"240\"\n                    height=\"160\"\n                    style=\"max-width:100%;\"\n                \/>\n            <\/a>\n        <\/div>\n\t\t\t\t\t\t\t<\/div> \n\t\t\t\n\t\t\t\t<div id=\"ngg-image-4\" class=\"ngg-gallery-thumbnail-box ngg-3-columns\" >\n\t\t\t\t        <div class=\"ngg-gallery-thumbnail\">\n            <a href=\"https:\/\/hckadan.cz\/wp-content\/gallery\/klub\/FB_IMG_1608795725741.jpg\"\n               title=\"\"\n               data-src=\"https:\/\/hckadan.cz\/wp-content\/gallery\/klub\/FB_IMG_1608795725741.jpg\"\n               data-thumbnail=\"https:\/\/hckadan.cz\/wp-content\/gallery\/klub\/thumbs\/thumbs_FB_IMG_1608795725741.jpg\"\n               data-image-id=\"39\"\n               data-title=\"FB_IMG_1608795725741\"\n               data-description=\"\"\n               data-image-slug=\"fb_img_1608795725741\"\n               class=\"ngg-simplelightbox\" rel=\"cc2e783acfe0bafe4187c05dcf92a06a\">\n                <img\n                    title=\"FB_IMG_1608795725741\"\n                    alt=\"FB_IMG_1608795725741\"\n                    src=\"https:\/\/hckadan.cz\/wp-content\/gallery\/klub\/thumbs\/thumbs_FB_IMG_1608795725741.jpg\"\n                    width=\"240\"\n                    height=\"160\"\n                    style=\"max-width:100%;\"\n                \/>\n            <\/a>\n        <\/div>\n\t\t\t\t\t\t\t<\/div> \n\t\t\t\n\t\t\t\t<div id=\"ngg-image-5\" class=\"ngg-gallery-thumbnail-box ngg-3-columns\" >\n\t\t\t\t        <div class=\"ngg-gallery-thumbnail\">\n            <a href=\"https:\/\/hckadan.cz\/wp-content\/gallery\/klub\/FB_IMG_1608795673164.jpg\"\n               title=\"\"\n               data-src=\"https:\/\/hckadan.cz\/wp-content\/gallery\/klub\/FB_IMG_1608795673164.jpg\"\n               data-thumbnail=\"https:\/\/hckadan.cz\/wp-content\/gallery\/klub\/thumbs\/thumbs_FB_IMG_1608795673164.jpg\"\n               data-image-id=\"35\"\n               data-title=\"FB_IMG_1608795673164\"\n               data-description=\"\"\n               data-image-slug=\"fb_img_1608795673164\"\n               class=\"ngg-simplelightbox\" rel=\"cc2e783acfe0bafe4187c05dcf92a06a\">\n                <img\n                    title=\"FB_IMG_1608795673164\"\n                    alt=\"FB_IMG_1608795673164\"\n                    src=\"https:\/\/hckadan.cz\/wp-content\/gallery\/klub\/thumbs\/thumbs_FB_IMG_1608795673164.jpg\"\n                    width=\"240\"\n                    height=\"160\"\n                    style=\"max-width:100%;\"\n                \/>\n            <\/a>\n        <\/div>\n\t\t\t\t\t\t\t<\/div> \n\t\t\t\n\t\t\t\t<div id=\"ngg-image-6\" class=\"ngg-gallery-thumbnail-box ngg-3-columns\" >\n\t\t\t\t        <div class=\"ngg-gallery-thumbnail\">\n            <a href=\"https:\/\/hckadan.cz\/wp-content\/gallery\/klub\/FB_IMG_1608795752130.jpg\"\n               title=\"\"\n               data-src=\"https:\/\/hckadan.cz\/wp-content\/gallery\/klub\/FB_IMG_1608795752130.jpg\"\n               data-thumbnail=\"https:\/\/hckadan.cz\/wp-content\/gallery\/klub\/thumbs\/thumbs_FB_IMG_1608795752130.jpg\"\n               data-image-id=\"40\"\n               data-title=\"FB_IMG_1608795752130\"\n               data-description=\"\"\n               data-image-slug=\"fb_img_1608795752130\"\n               class=\"ngg-simplelightbox\" rel=\"cc2e783acfe0bafe4187c05dcf92a06a\">\n                <img\n                    title=\"FB_IMG_1608795752130\"\n                    alt=\"FB_IMG_1608795752130\"\n                    src=\"https:\/\/hckadan.cz\/wp-content\/gallery\/klub\/thumbs\/thumbs_FB_IMG_1608795752130.jpg\"\n                    width=\"240\"\n                    height=\"160\"\n                    style=\"max-width:100%;\"\n                \/>\n            <\/a>\n        <\/div>\n\t\t\t\t\t\t\t<\/div> \n\t\t\t\n\t\t\t\t<div id=\"ngg-image-7\" class=\"ngg-gallery-thumbnail-box ngg-3-columns\" >\n\t\t\t\t        <div class=\"ngg-gallery-thumbnail\">\n            <a href=\"https:\/\/hckadan.cz\/wp-content\/gallery\/klub\/FB_IMG_1608795761002.jpg\"\n               title=\"\"\n               data-src=\"https:\/\/hckadan.cz\/wp-content\/gallery\/klub\/FB_IMG_1608795761002.jpg\"\n               data-thumbnail=\"https:\/\/hckadan.cz\/wp-content\/gallery\/klub\/thumbs\/thumbs_FB_IMG_1608795761002.jpg\"\n               data-image-id=\"41\"\n               data-title=\"FB_IMG_1608795761002\"\n               data-description=\"\"\n               data-image-slug=\"fb_img_1608795761002\"\n               class=\"ngg-simplelightbox\" rel=\"cc2e783acfe0bafe4187c05dcf92a06a\">\n                <img\n                    title=\"FB_IMG_1608795761002\"\n                    alt=\"FB_IMG_1608795761002\"\n                    src=\"https:\/\/hckadan.cz\/wp-content\/gallery\/klub\/thumbs\/thumbs_FB_IMG_1608795761002.jpg\"\n                    width=\"240\"\n                    height=\"160\"\n                    style=\"max-width:100%;\"\n                \/>\n            <\/a>\n        <\/div>\n\t\t\t\t\t\t\t<\/div> \n\t\t\t\n\t\t\t\t<div id=\"ngg-image-8\" class=\"ngg-gallery-thumbnail-box ngg-3-columns\" >\n\t\t\t\t        <div class=\"ngg-gallery-thumbnail\">\n            <a href=\"https:\/\/hckadan.cz\/wp-content\/gallery\/klub\/FB_IMG_1608795577638.jpg\"\n               title=\"\"\n               data-src=\"https:\/\/hckadan.cz\/wp-content\/gallery\/klub\/FB_IMG_1608795577638.jpg\"\n               data-thumbnail=\"https:\/\/hckadan.cz\/wp-content\/gallery\/klub\/thumbs\/thumbs_FB_IMG_1608795577638.jpg\"\n               data-image-id=\"33\"\n               data-title=\"FB_IMG_1608795577638\"\n               data-description=\"\"\n               data-image-slug=\"fb_img_1608795577638\"\n               class=\"ngg-simplelightbox\" rel=\"cc2e783acfe0bafe4187c05dcf92a06a\">\n                <img\n                    title=\"FB_IMG_1608795577638\"\n                    alt=\"FB_IMG_1608795577638\"\n                    src=\"https:\/\/hckadan.cz\/wp-content\/gallery\/klub\/thumbs\/thumbs_FB_IMG_1608795577638.jpg\"\n                    width=\"240\"\n                    height=\"160\"\n                    style=\"max-width:100%;\"\n                \/>\n            <\/a>\n        <\/div>\n\t\t\t\t\t\t\t<\/div> \n\t\t\t\n\t\t\t\t<div id=\"ngg-image-9\" class=\"ngg-gallery-thumbnail-box ngg-3-columns\" >\n\t\t\t\t        <div class=\"ngg-gallery-thumbnail\">\n            <a href=\"https:\/\/hckadan.cz\/wp-content\/gallery\/klub\/FB_IMG_1608795592059.jpg\"\n               title=\"\"\n               data-src=\"https:\/\/hckadan.cz\/wp-content\/gallery\/klub\/FB_IMG_1608795592059.jpg\"\n               data-thumbnail=\"https:\/\/hckadan.cz\/wp-content\/gallery\/klub\/thumbs\/thumbs_FB_IMG_1608795592059.jpg\"\n               data-image-id=\"30\"\n               data-title=\"FB_IMG_1608795592059\"\n               data-description=\"\"\n               data-image-slug=\"fb_img_1608795592059\"\n               class=\"ngg-simplelightbox\" rel=\"cc2e783acfe0bafe4187c05dcf92a06a\">\n                <img\n                    title=\"FB_IMG_1608795592059\"\n                    alt=\"FB_IMG_1608795592059\"\n                    src=\"https:\/\/hckadan.cz\/wp-content\/gallery\/klub\/thumbs\/thumbs_FB_IMG_1608795592059.jpg\"\n                    width=\"240\"\n                    height=\"160\"\n                    style=\"max-width:100%;\"\n                \/>\n            <\/a>\n        <\/div>\n\t\t\t\t\t\t\t<\/div> \n\t\t\t\n\t\t\t\t<div id=\"ngg-image-10\" class=\"ngg-gallery-thumbnail-box ngg-3-columns\" >\n\t\t\t\t        <div class=\"ngg-gallery-thumbnail\">\n            <a href=\"https:\/\/hckadan.cz\/wp-content\/gallery\/klub\/FB_IMG_1608795539815.jpg\"\n               title=\"\"\n               data-src=\"https:\/\/hckadan.cz\/wp-content\/gallery\/klub\/FB_IMG_1608795539815.jpg\"\n               data-thumbnail=\"https:\/\/hckadan.cz\/wp-content\/gallery\/klub\/thumbs\/thumbs_FB_IMG_1608795539815.jpg\"\n               data-image-id=\"31\"\n               data-title=\"FB_IMG_1608795539815\"\n               data-description=\"\"\n               data-image-slug=\"fb_img_1608795539815\"\n               class=\"ngg-simplelightbox\" rel=\"cc2e783acfe0bafe4187c05dcf92a06a\">\n                <img\n                    title=\"FB_IMG_1608795539815\"\n                    alt=\"FB_IMG_1608795539815\"\n                    src=\"https:\/\/hckadan.cz\/wp-content\/gallery\/klub\/thumbs\/thumbs_FB_IMG_1608795539815.jpg\"\n                    width=\"240\"\n                    height=\"160\"\n                    style=\"max-width:100%;\"\n                \/>\n            <\/a>\n        <\/div>\n\t\t\t\t\t\t\t<\/div> \n\t\t\t\n\t\t\t\t<div id=\"ngg-image-11\" class=\"ngg-gallery-thumbnail-box ngg-3-columns\" >\n\t\t\t\t        <div class=\"ngg-gallery-thumbnail\">\n            <a href=\"https:\/\/hckadan.cz\/wp-content\/gallery\/klub\/FB_IMG_1608795558739.jpg\"\n               title=\"\"\n               data-src=\"https:\/\/hckadan.cz\/wp-content\/gallery\/klub\/FB_IMG_1608795558739.jpg\"\n               data-thumbnail=\"https:\/\/hckadan.cz\/wp-content\/gallery\/klub\/thumbs\/thumbs_FB_IMG_1608795558739.jpg\"\n               data-image-id=\"29\"\n               data-title=\"FB_IMG_1608795558739\"\n               data-description=\"\"\n               data-image-slug=\"fb_img_1608795558739\"\n               class=\"ngg-simplelightbox\" rel=\"cc2e783acfe0bafe4187c05dcf92a06a\">\n                <img\n                    title=\"FB_IMG_1608795558739\"\n                    alt=\"FB_IMG_1608795558739\"\n                    src=\"https:\/\/hckadan.cz\/wp-content\/gallery\/klub\/thumbs\/thumbs_FB_IMG_1608795558739.jpg\"\n                    width=\"240\"\n                    height=\"160\"\n                    style=\"max-width:100%;\"\n                \/>\n            <\/a>\n        <\/div>\n\t\t\t\t\t\t\t<\/div> \n\t\t\t\n\t\t\t\t<div id=\"ngg-image-12\" class=\"ngg-gallery-thumbnail-box ngg-3-columns\" >\n\t\t\t\t        <div class=\"ngg-gallery-thumbnail\">\n            <a href=\"https:\/\/hckadan.cz\/wp-content\/gallery\/klub\/FB_IMG_1608795548990.jpg\"\n               title=\"\"\n               data-src=\"https:\/\/hckadan.cz\/wp-content\/gallery\/klub\/FB_IMG_1608795548990.jpg\"\n               data-thumbnail=\"https:\/\/hckadan.cz\/wp-content\/gallery\/klub\/thumbs\/thumbs_FB_IMG_1608795548990.jpg\"\n               data-image-id=\"32\"\n               data-title=\"FB_IMG_1608795548990\"\n               data-description=\"\"\n               data-image-slug=\"fb_img_1608795548990\"\n               class=\"ngg-simplelightbox\" rel=\"cc2e783acfe0bafe4187c05dcf92a06a\">\n                <img\n                    title=\"FB_IMG_1608795548990\"\n                    alt=\"FB_IMG_1608795548990\"\n                    src=\"https:\/\/hckadan.cz\/wp-content\/gallery\/klub\/thumbs\/thumbs_FB_IMG_1608795548990.jpg\"\n                    width=\"240\"\n                    height=\"160\"\n                    style=\"max-width:100%;\"\n                \/>\n            <\/a>\n        <\/div>\n\t\t\t\t\t\t\t<\/div> \n\t\t\t\n\t\n\t<br style=\"clear: both\" \/>\n\n\t\n\t\t<!-- Pagination -->\n\t<div class='ngg-clear'><\/div>\t<\/div>\n\n","protected":false},"excerpt":{"rendered":"<p>Sportovn\u00ed klub HC Kada\u0148 byl zalo\u017een v roce 1957 zakladatelem Emilem Z\u00e1vodn\u00fdm. Klub se postupn\u011b [&hellip;]<\/p>\n","protected":false},"author":1,"featured_media":0,"parent":341,"menu_order":0,"comment_status":"closed","ping_status":"closed","template":"","meta":{"ngg_post_thumbnail":0,"footnotes":""},"class_list":["post-612","page","type-page","status-publish","hentry"],"_links":{"self":[{"href":"https:\/\/hckadan.cz\/index.php\/wp-json\/wp\/v2\/pages\/612","targetHints":{"allow":["GET"]}}],"collection":[{"href":"https:\/\/hckadan.cz\/index.php\/wp-json\/wp\/v2\/pages"}],"about":[{"href":"https:\/\/hckadan.cz\/index.php\/wp-json\/wp\/v2\/types\/page"}],"author":[{"embeddable":true,"href":"https:\/\/hckadan.cz\/index.php\/wp-json\/wp\/v2\/users\/1"}],"replies":[{"embeddable":true,"href":"https:\/\/hckadan.cz\/index.php\/wp-json\/wp\/v2\/comments?post=612"}],"version-history":[{"count":4,"href":"https:\/\/hckadan.cz\/index.php\/wp-json\/wp\/v2\/pages\/612\/revisions"}],"predecessor-version":[{"id":619,"href":"https:\/\/hckadan.cz\/index.php\/wp-json\/wp\/v2\/pages\/612\/revisions\/619"}],"up":[{"embeddable":true,"href":"https:\/\/hckadan.cz\/index.php\/wp-json\/wp\/v2\/pages\/341"}],"wp:attachment":[{"href":"https:\/\/hckadan.cz\/index.php\/wp-json\/wp\/v2\/media?parent=612"}],"curies":[{"name":"wp","href":"https:\/\/api.w.org\/{rel}","templated":true}]}}