{"id":627,"date":"2021-03-15T20:04:38","date_gmt":"2021-03-15T19:04:38","guid":{"rendered":"https:\/\/hckadan.cz\/?page_id=627"},"modified":"2021-12-23T17:44:13","modified_gmt":"2021-12-23T16:44:13","slug":"schuze-klubu","status":"publish","type":"page","link":"https:\/\/hckadan.cz\/index.php\/klub\/schuze-klubu\/","title":{"rendered":"Sch\u016fze klubu"},"content":{"rendered":"\n<p>Z\u00e1pisy sch\u016fz\u00ed:<\/p>\n\n\n\n<ul class=\"wp-block-list\"><li><a href=\"https:\/\/hckadan.cz\/index.php\/klub\/schuze-klubu\/zapis-schuze-klubu-4-2-2021\/\">Z\u00e1pis sch\u016fze tren\u00e9r\u016f &#8211; 4.2.2021<\/a><\/li><li><a href=\"https:\/\/hckadan.cz\/index.php\/klub\/schuze-klubu\/schuze-vyboru-28-1-2021\/\">Z\u00e1pis sch\u016fze v\u00fdboru &#8211; 28.1.2021<\/a><\/li><li><a href=\"https:\/\/hckadan.cz\/index.php\/klub\/schuze-klubu\/schuze-vyboru-a-treneru-online-covid-27-3-2021\/\" data-type=\"page\" data-id=\"650\">Z\u00e1pis sch\u016fze v\u00fdboru a tren\u00e9r\u016f &#8211; 27.3. 2021<\/a> (online &#8211; covid)<\/li><li><a href=\"https:\/\/hckadan.cz\/index.php\/klub\/schuze-klubu\/schuze-vyboru-a-treneru-22-5-2021\/\" data-type=\"page\" data-id=\"652\">Z\u00e1pis sch\u016fze v\u00fdboru a tren\u00e9r\u016f &#8211; 22. 5. 2021<\/a><\/li><li><a href=\"https:\/\/hckadan.cz\/index.php\/klub\/schuze-klubu\/schuze-vyboru-a-treneru-17-8-2021\/\" data-type=\"page\" data-id=\"654\">Z\u00e1pis sch\u016fze v\u00fdboru a tren\u00e9r\u016f &#8211; 17.8. 2021<\/a><\/li><li><a href=\"https:\/\/hckadan.cz\/index.php\/klub\/schuze-klubu\/schuze-vyboru-a-treneru-18-10-2021\/\" data-type=\"page\" data-id=\"656\">Z\u00e1pis sch\u016fze v\u00fdboru a tren\u00e9r\u016f &#8211; 18.10. 2021<\/a><\/li><li><a href=\"https:\/\/hckadan.cz\/index.php\/klub\/schuze-klubu\/schuze-vyboru-a-treneru-13-12-2021\/\" data-type=\"page\" data-id=\"658\">Z\u00e1pis sch\u016fze v\u00fdboru a tren\u00e9r\u016f &#8211; 13.12. 2021<\/a><\/li><\/ul>\n\n\n\n<p><\/p>\n","protected":false},"excerpt":{"rendered":"<p>Z\u00e1pisy sch\u016fz\u00ed: Z\u00e1pis sch\u016fze tren\u00e9r\u016f &#8211; 4.2.2021 Z\u00e1pis sch\u016fze v\u00fdboru &#8211; 28.1.2021 Z\u00e1pis sch\u016fze v\u00fdboru [&hellip;]<\/p>\n","protected":false},"author":1,"featured_media":0,"parent":341,"menu_order":0,"comment_status":"closed","ping_status":"closed","template":"","meta":{"ngg_post_thumbnail":0,"footnotes":""},"class_list":["post-627","page","type-page","status-publish","hentry"],"_links":{"self":[{"href":"https:\/\/hckadan.cz\/index.php\/wp-json\/wp\/v2\/pages\/627","targetHints":{"allow":["GET"]}}],"collection":[{"href":"https:\/\/hckadan.cz\/index.php\/wp-json\/wp\/v2\/pages"}],"about":[{"href":"https:\/\/hckadan.cz\/index.php\/wp-json\/wp\/v2\/types\/page"}],"author":[{"embeddable":true,"href":"https:\/\/hckadan.cz\/index.php\/wp-json\/wp\/v2\/users\/1"}],"replies":[{"embeddable":true,"href":"https:\/\/hckadan.cz\/index.php\/wp-json\/wp\/v2\/comments?post=627"}],"version-history":[{"count":7,"href":"https:\/\/hckadan.cz\/index.php\/wp-json\/wp\/v2\/pages\/627\/revisions"}],"predecessor-version":[{"id":664,"href":"https:\/\/hckadan.cz\/index.php\/wp-json\/wp\/v2\/pages\/627\/revisions\/664"}],"up":[{"embeddable":true,"href":"https:\/\/hckadan.cz\/index.php\/wp-json\/wp\/v2\/pages\/341"}],"wp:attachment":[{"href":"https:\/\/hckadan.cz\/index.php\/wp-json\/wp\/v2\/media?parent=627"}],"curies":[{"name":"wp","href":"https:\/\/api.w.org\/{rel}","templated":true}]}}