{"id":650,"date":"2021-12-23T17:29:52","date_gmt":"2021-12-23T16:29:52","guid":{"rendered":"https:\/\/hckadan.cz\/?page_id=650"},"modified":"2021-12-23T17:30:38","modified_gmt":"2021-12-23T16:30:38","slug":"schuze-vyboru-a-treneru-online-covid-27-3-2021","status":"publish","type":"page","link":"https:\/\/hckadan.cz\/index.php\/klub\/schuze-klubu\/schuze-vyboru-a-treneru-online-covid-27-3-2021\/","title":{"rendered":"Sch\u016fze v\u00fdboru a tren\u00e9r\u016f online (covid) 27.3. 2021"},"content":{"rendered":"\n<p>\u00da\u010dast : Novotn\u00fd, Soukup, Bodn\u00e1r, B\u011b\u017eel, Posp\u00ed\u0161il<\/p>\n\n\n\n<ol class=\"wp-block-list\" type=\"1\"><li>P\u0159\u00edprava na jaro<\/li><li>Posilovna dokon\u010den\u00ed prac\u00ed a dopln\u011bn\u00ed vybaven\u00ed<\/li><li>Dokon\u010den\u00ed \u00faprav na h\u0159i\u0161ti, instalace v\u00fdsledkov\u00e9 tabule<\/li><li>Pokra\u010dov\u00e1n\u00ed v&nbsp;individu\u00e1ln\u00edm tr\u00e9ninku (ml\u00e1de\u017e doporu\u010deny online tr\u00e9ninky svazu)<\/li><li>Klubov\u00e9 oble\u010den\u00ed, dopln\u011bn\u00ed.<\/li><\/ol>\n\n\n\n<p>Zapsal: Petr Bodn\u00e1r<\/p>\n","protected":false},"excerpt":{"rendered":"<p>\u00da\u010dast : Novotn\u00fd, Soukup, Bodn\u00e1r, B\u011b\u017eel, Posp\u00ed\u0161il P\u0159\u00edprava na jaro Posilovna dokon\u010den\u00ed prac\u00ed a dopln\u011bn\u00ed [&hellip;]<\/p>\n","protected":false},"author":1,"featured_media":0,"parent":627,"menu_order":0,"comment_status":"closed","ping_status":"closed","template":"","meta":{"ngg_post_thumbnail":0,"footnotes":""},"class_list":["post-650","page","type-page","status-publish","hentry"],"_links":{"self":[{"href":"https:\/\/hckadan.cz\/index.php\/wp-json\/wp\/v2\/pages\/650","targetHints":{"allow":["GET"]}}],"collection":[{"href":"https:\/\/hckadan.cz\/index.php\/wp-json\/wp\/v2\/pages"}],"about":[{"href":"https:\/\/hckadan.cz\/index.php\/wp-json\/wp\/v2\/types\/page"}],"author":[{"embeddable":true,"href":"https:\/\/hckadan.cz\/index.php\/wp-json\/wp\/v2\/users\/1"}],"replies":[{"embeddable":true,"href":"https:\/\/hckadan.cz\/index.php\/wp-json\/wp\/v2\/comments?post=650"}],"version-history":[{"count":1,"href":"https:\/\/hckadan.cz\/index.php\/wp-json\/wp\/v2\/pages\/650\/revisions"}],"predecessor-version":[{"id":651,"href":"https:\/\/hckadan.cz\/index.php\/wp-json\/wp\/v2\/pages\/650\/revisions\/651"}],"up":[{"embeddable":true,"href":"https:\/\/hckadan.cz\/index.php\/wp-json\/wp\/v2\/pages\/627"}],"wp:attachment":[{"href":"https:\/\/hckadan.cz\/index.php\/wp-json\/wp\/v2\/media?parent=650"}],"curies":[{"name":"wp","href":"https:\/\/api.w.org\/{rel}","templated":true}]}}