{"id":652,"date":"2021-12-23T17:31:37","date_gmt":"2021-12-23T16:31:37","guid":{"rendered":"https:\/\/hckadan.cz\/?page_id=652"},"modified":"2021-12-23T17:31:52","modified_gmt":"2021-12-23T16:31:52","slug":"schuze-vyboru-a-treneru-22-5-2021","status":"publish","type":"page","link":"https:\/\/hckadan.cz\/index.php\/klub\/schuze-klubu\/schuze-vyboru-a-treneru-22-5-2021\/","title":{"rendered":"Sch\u016fze v\u00fdboru a tren\u00e9r\u016f 22. 5. 2021"},"content":{"rendered":"\n<p>\u00da\u010dast: Novotn\u00fd, Soukup, Bodn\u00e1r, B\u011b\u017eel , Posp\u00ed\u0161il, Smol\u00e1k<\/p>\n\n\n\n<ol class=\"wp-block-list\" type=\"1\"><li>Vy\u010di\u0161t\u011bn\u00ed h\u0159ist\u011b a okol\u00ed, sek\u00e1n\u00ed tr\u00e1vy( doset\u00ed) (Smol\u00e1k)<\/li><li>Zaji\u0161t\u011bn\u00ed v\u00fdsledkov\u00e9 tabule a p\u0159ipraven\u00ed r\u00e1mu ( Novotn\u00fd)<\/li><li>Rozd\u011blen\u00ed tren\u00e9r\u016f ke kategori\u00edm ( Bodn\u00e1r, Soukup)<\/li><li>P\u0159\u00edprava \u0161koln\u00edch dn\u016f na h\u0159i\u0161ti v&nbsp;\u010dervnu ( Bodn\u00e1r, Soukup, Kr\u00e1lici, B\u011b\u017eel ml)<\/li><li>Letn\u00ed program p\u0159\u00edpravy( diskuse)<\/li><\/ol>\n\n\n\n<p>Zapsal : P. Bodn\u00e1r<\/p>\n","protected":false},"excerpt":{"rendered":"<p>\u00da\u010dast: Novotn\u00fd, Soukup, Bodn\u00e1r, B\u011b\u017eel , Posp\u00ed\u0161il, Smol\u00e1k Vy\u010di\u0161t\u011bn\u00ed h\u0159ist\u011b a okol\u00ed, sek\u00e1n\u00ed tr\u00e1vy( doset\u00ed) [&hellip;]<\/p>\n","protected":false},"author":1,"featured_media":0,"parent":627,"menu_order":0,"comment_status":"closed","ping_status":"closed","template":"","meta":{"ngg_post_thumbnail":0,"footnotes":""},"class_list":["post-652","page","type-page","status-publish","hentry"],"_links":{"self":[{"href":"https:\/\/hckadan.cz\/index.php\/wp-json\/wp\/v2\/pages\/652","targetHints":{"allow":["GET"]}}],"collection":[{"href":"https:\/\/hckadan.cz\/index.php\/wp-json\/wp\/v2\/pages"}],"about":[{"href":"https:\/\/hckadan.cz\/index.php\/wp-json\/wp\/v2\/types\/page"}],"author":[{"embeddable":true,"href":"https:\/\/hckadan.cz\/index.php\/wp-json\/wp\/v2\/users\/1"}],"replies":[{"embeddable":true,"href":"https:\/\/hckadan.cz\/index.php\/wp-json\/wp\/v2\/comments?post=652"}],"version-history":[{"count":1,"href":"https:\/\/hckadan.cz\/index.php\/wp-json\/wp\/v2\/pages\/652\/revisions"}],"predecessor-version":[{"id":653,"href":"https:\/\/hckadan.cz\/index.php\/wp-json\/wp\/v2\/pages\/652\/revisions\/653"}],"up":[{"embeddable":true,"href":"https:\/\/hckadan.cz\/index.php\/wp-json\/wp\/v2\/pages\/627"}],"wp:attachment":[{"href":"https:\/\/hckadan.cz\/index.php\/wp-json\/wp\/v2\/media?parent=652"}],"curies":[{"name":"wp","href":"https:\/\/api.w.org\/{rel}","templated":true}]}}