{"id":654,"date":"2021-12-23T17:32:50","date_gmt":"2021-12-23T16:32:50","guid":{"rendered":"https:\/\/hckadan.cz\/?page_id=654"},"modified":"2021-12-23T17:33:08","modified_gmt":"2021-12-23T16:33:08","slug":"schuze-vyboru-a-treneru-17-8-2021","status":"publish","type":"page","link":"https:\/\/hckadan.cz\/index.php\/klub\/schuze-klubu\/schuze-vyboru-a-treneru-17-8-2021\/","title":{"rendered":"Sch\u016fze v\u00fdboru a tren\u00e9r\u016f 17.8. 2021"},"content":{"rendered":"\n<p>\u00da\u010dast : Novotn\u00fd, Bodn\u00e1r, Soukup, B\u011b\u017eel, Posp\u00ed\u0161il, R\u00e9pal,<\/p>\n\n\n\n<ol class=\"wp-block-list\" type=\"1\"><li>Napl\u00e1nov\u00e1n\u00ed za\u010d\u00e1tku sezony<\/li><li>P\u0159\u00edprava mu\u017ei (Bodn\u00e1r)<\/li><li>P\u0159\u00edm\u011bstsk\u00fd t\u00e1bor (Soukup. B\u011b\u017eel)<\/li><li>Sout\u011b\u017ee (Soukup)<\/li><li>Doprava (Soukup)<\/li><li>Tr\u00e9ninky v\u0161ech t\u00fdm\u016f (v\u0161ichni)<\/li><\/ol>\n\n\n\n<p>Z\u00e1zem\u00ed h\u0159i\u0161t\u011b :<\/p>\n\n\n\n<p>\u00daklid \u0161aten, posilovny, klubov\u00e9 m\u00edstnosti (Smol\u00e1k)<\/p>\n\n\n\n<p>Zapsal : Bodn\u00e1r Petr<\/p>\n","protected":false},"excerpt":{"rendered":"<p>\u00da\u010dast : Novotn\u00fd, Bodn\u00e1r, Soukup, B\u011b\u017eel, Posp\u00ed\u0161il, R\u00e9pal, Napl\u00e1nov\u00e1n\u00ed za\u010d\u00e1tku sezony P\u0159\u00edprava mu\u017ei (Bodn\u00e1r) P\u0159\u00edm\u011bstsk\u00fd [&hellip;]<\/p>\n","protected":false},"author":1,"featured_media":0,"parent":627,"menu_order":0,"comment_status":"closed","ping_status":"closed","template":"","meta":{"ngg_post_thumbnail":0,"footnotes":""},"class_list":["post-654","page","type-page","status-publish","hentry"],"_links":{"self":[{"href":"https:\/\/hckadan.cz\/index.php\/wp-json\/wp\/v2\/pages\/654","targetHints":{"allow":["GET"]}}],"collection":[{"href":"https:\/\/hckadan.cz\/index.php\/wp-json\/wp\/v2\/pages"}],"about":[{"href":"https:\/\/hckadan.cz\/index.php\/wp-json\/wp\/v2\/types\/page"}],"author":[{"embeddable":true,"href":"https:\/\/hckadan.cz\/index.php\/wp-json\/wp\/v2\/users\/1"}],"replies":[{"embeddable":true,"href":"https:\/\/hckadan.cz\/index.php\/wp-json\/wp\/v2\/comments?post=654"}],"version-history":[{"count":1,"href":"https:\/\/hckadan.cz\/index.php\/wp-json\/wp\/v2\/pages\/654\/revisions"}],"predecessor-version":[{"id":655,"href":"https:\/\/hckadan.cz\/index.php\/wp-json\/wp\/v2\/pages\/654\/revisions\/655"}],"up":[{"embeddable":true,"href":"https:\/\/hckadan.cz\/index.php\/wp-json\/wp\/v2\/pages\/627"}],"wp:attachment":[{"href":"https:\/\/hckadan.cz\/index.php\/wp-json\/wp\/v2\/media?parent=654"}],"curies":[{"name":"wp","href":"https:\/\/api.w.org\/{rel}","templated":true}]}}