{"id":656,"date":"2021-12-23T17:34:21","date_gmt":"2021-12-23T16:34:21","guid":{"rendered":"https:\/\/hckadan.cz\/?page_id=656"},"modified":"2021-12-23T17:34:45","modified_gmt":"2021-12-23T16:34:45","slug":"schuze-vyboru-a-treneru-18-10-2021","status":"publish","type":"page","link":"https:\/\/hckadan.cz\/index.php\/klub\/schuze-klubu\/schuze-vyboru-a-treneru-18-10-2021\/","title":{"rendered":"Sch\u016fze v\u00fdboru a tren\u00e9r\u016f 18.10. 2021"},"content":{"rendered":"\n<p>\u00da\u010dast : Novotn\u00fd , Soukup, Bodn\u00e1r, B\u011b\u017eel, Smol\u00e1k, Posp\u00ed\u0161il, R\u00e9pal<\/p>\n\n\n\n<ol class=\"wp-block-list\" type=\"1\"><li>Zhodnocen\u00ed podzimu (diskuze)<\/li><li>Rozjet\u00ed \u0161koln\u00edho krou\u017eku (n\u00e1bor Soukup, Kr\u00e1l\u00edci)<\/li><li>P\u0159\u00edprava halov\u00e9ho hokeje (domluva hal a Z\u0160 Soukup, Novotn\u00fd)<\/li><li>Rozd\u011blen\u00ed t\u00fdm\u016f v\u00a0hal\u00e1ch a doprava k utk\u00e1n\u00edm (Soukup, v\u0161ichni)<\/li><li>Instalace v\u00fdsledkov\u00e9 tabule a zapojen\u00ed (Novotn\u00fd)<\/li><\/ol>\n\n\n\n<p>Zapsal: P. Bodn\u00e1r<\/p>\n","protected":false},"excerpt":{"rendered":"<p>\u00da\u010dast : Novotn\u00fd , Soukup, Bodn\u00e1r, B\u011b\u017eel, Smol\u00e1k, Posp\u00ed\u0161il, R\u00e9pal Zhodnocen\u00ed podzimu (diskuze) Rozjet\u00ed \u0161koln\u00edho [&hellip;]<\/p>\n","protected":false},"author":1,"featured_media":0,"parent":627,"menu_order":0,"comment_status":"closed","ping_status":"closed","template":"","meta":{"ngg_post_thumbnail":0,"footnotes":""},"class_list":["post-656","page","type-page","status-publish","hentry"],"_links":{"self":[{"href":"https:\/\/hckadan.cz\/index.php\/wp-json\/wp\/v2\/pages\/656","targetHints":{"allow":["GET"]}}],"collection":[{"href":"https:\/\/hckadan.cz\/index.php\/wp-json\/wp\/v2\/pages"}],"about":[{"href":"https:\/\/hckadan.cz\/index.php\/wp-json\/wp\/v2\/types\/page"}],"author":[{"embeddable":true,"href":"https:\/\/hckadan.cz\/index.php\/wp-json\/wp\/v2\/users\/1"}],"replies":[{"embeddable":true,"href":"https:\/\/hckadan.cz\/index.php\/wp-json\/wp\/v2\/comments?post=656"}],"version-history":[{"count":1,"href":"https:\/\/hckadan.cz\/index.php\/wp-json\/wp\/v2\/pages\/656\/revisions"}],"predecessor-version":[{"id":657,"href":"https:\/\/hckadan.cz\/index.php\/wp-json\/wp\/v2\/pages\/656\/revisions\/657"}],"up":[{"embeddable":true,"href":"https:\/\/hckadan.cz\/index.php\/wp-json\/wp\/v2\/pages\/627"}],"wp:attachment":[{"href":"https:\/\/hckadan.cz\/index.php\/wp-json\/wp\/v2\/media?parent=656"}],"curies":[{"name":"wp","href":"https:\/\/api.w.org\/{rel}","templated":true}]}}