{"id":658,"date":"2021-12-23T17:35:31","date_gmt":"2021-12-23T16:35:31","guid":{"rendered":"https:\/\/hckadan.cz\/?page_id=658"},"modified":"2021-12-23T17:35:55","modified_gmt":"2021-12-23T16:35:55","slug":"schuze-vyboru-a-treneru-13-12-2021","status":"publish","type":"page","link":"https:\/\/hckadan.cz\/index.php\/klub\/schuze-klubu\/schuze-vyboru-a-treneru-13-12-2021\/","title":{"rendered":"Sch\u016fze v\u00fdboru a tren\u00e9r\u016f 13.12. 2021"},"content":{"rendered":"\n<p>\u00da\u010dast\u00b4: Novotn\u00fd, Soukup, Bodn\u00e1r, B\u011b\u017eel, Posp\u00ed\u0161il, R\u00e9pal<\/p>\n\n\n\n<ol class=\"wp-block-list\" type=\"1\"><li>P\u0159\u00edprava na valnou hromadu \u010cSPH (Novotn\u00fd, Soukup, Bodn\u00e1r, Linhart se z\u00fa\u010dastn\u00ed)<\/li><li>Pravidla pou\u017e\u00edv\u00e1n\u00ed posilovny (odemknut\u00ed, \u00faklid pom\u016fcek, zhasnut\u00ed sv\u011btel, uzam\u010den\u00ed)<\/li><li>Kontrola halov\u00fdch pom\u016fcek, p\u0159\u00edpadn\u00e9 dopln\u011bn\u00ed (Soukup)<\/li><li>N\u00e1vrh klubov\u00e9ho \u0161kolen\u00ed tren\u00e9r\u016f (v\u0161ichni b\u0159ezen)<\/li><li>Diskuze (tr\u00e9ninky mezi sv\u00e1tky)<\/li><\/ol>\n\n\n\n<p>Zapsal : P. Bodn\u00e1r<\/p>\n","protected":false},"excerpt":{"rendered":"<p>\u00da\u010dast\u00b4: Novotn\u00fd, Soukup, Bodn\u00e1r, B\u011b\u017eel, Posp\u00ed\u0161il, R\u00e9pal P\u0159\u00edprava na valnou hromadu \u010cSPH (Novotn\u00fd, Soukup, Bodn\u00e1r, [&hellip;]<\/p>\n","protected":false},"author":1,"featured_media":0,"parent":627,"menu_order":0,"comment_status":"closed","ping_status":"closed","template":"","meta":{"ngg_post_thumbnail":0,"footnotes":""},"class_list":["post-658","page","type-page","status-publish","hentry"],"_links":{"self":[{"href":"https:\/\/hckadan.cz\/index.php\/wp-json\/wp\/v2\/pages\/658","targetHints":{"allow":["GET"]}}],"collection":[{"href":"https:\/\/hckadan.cz\/index.php\/wp-json\/wp\/v2\/pages"}],"about":[{"href":"https:\/\/hckadan.cz\/index.php\/wp-json\/wp\/v2\/types\/page"}],"author":[{"embeddable":true,"href":"https:\/\/hckadan.cz\/index.php\/wp-json\/wp\/v2\/users\/1"}],"replies":[{"embeddable":true,"href":"https:\/\/hckadan.cz\/index.php\/wp-json\/wp\/v2\/comments?post=658"}],"version-history":[{"count":1,"href":"https:\/\/hckadan.cz\/index.php\/wp-json\/wp\/v2\/pages\/658\/revisions"}],"predecessor-version":[{"id":659,"href":"https:\/\/hckadan.cz\/index.php\/wp-json\/wp\/v2\/pages\/658\/revisions\/659"}],"up":[{"embeddable":true,"href":"https:\/\/hckadan.cz\/index.php\/wp-json\/wp\/v2\/pages\/627"}],"wp:attachment":[{"href":"https:\/\/hckadan.cz\/index.php\/wp-json\/wp\/v2\/media?parent=658"}],"curies":[{"name":"wp","href":"https:\/\/api.w.org\/{rel}","templated":true}]}}